{"id":18,"date":"2018-01-03T18:45:07","date_gmt":"2018-01-03T17:45:07","guid":{"rendered":"http:\/\/sportellounico.unionecastelli.it\/suap\/?page_id=18"},"modified":"2023-01-27T09:26:35","modified_gmt":"2023-01-27T08:26:35","slug":"home","status":"publish","type":"page","link":"https:\/\/suap.regione.marche.it\/unionecastelli\/","title":{"rendered":"Home"},"content":{"rendered":"<p><span class=\"ui-provider ud b c d e f g h i j k l m n o p q r s t u v w x y z ab ac ae af ag ah ai aj ak\" dir=\"ltr\">Si informa che con decorrenza 01\/01\/2023, a seguito della modifica dei dati per i pagamenti sono disponibili le nuove coordinate bancarie nell\u2019Allegato \u2018Diritti di istruttoria\u2019 disponibile nella sezione \u2018Documenti utili\u2019<\/span>.<\/p>\n<p>&nbsp;<\/p>\n<p>Si informa che a fronte della nota ARPAM del 30\/11\/2021, per i procedimenti che prevedono il parere ARPAM, \u00e8 necessario compilare il modello disponibile nella sezione \u2018Documenti utili\u2019 e procedere con il versamento degli oneri a carico del soggetto richiedente secondo tariffario dell\u2019Agenzia, consultabile al seguente link: <a href=\"http:\/\/www.arpa.marche.it\/images\/pdf\/agenzia\/Tariffario%20ARPAM%20ultima%20versione%2013_05_2019.pdf\">http:\/\/www.arpa.marche.it\/images\/pdf\/agenzia\/Tariffario%20ARPAM%20ultima%20versione%2013_05_2019.pdf<\/a><\/p>\n<div>\n<div class=\"page-content u-text-r-s\">\n<p>&nbsp;<\/p>\n<p><strong>COMUNICAZIONE ACCESSO AGLI UFFICI COMUNALI<\/strong><\/p>\n<\/div>\n<p style=\"font-weight: 400;\"><a href=\"https:\/\/suap.regione.marche.it\/wp-content\/uploads\/sites\/22\/2020\/03\/indicazioni-per-laccesso-agli-uffici-comunali.pdf\" target=\"_blank\" rel=\"noopener\">Comunicato del Presidente dell&#8217;Unione Terra dei Castelli<\/a> alla luce delle indicazioni provenienti dal Ministero della Salute per contenere la diffusione del nuovo corona virus COVID-19.<br \/>\nSi invitano pertanto tecnici ed utenti ad\u00a0<strong><u>utilizzare esclusivamente i canali telematici e telefonici<\/u><\/strong>\u00a0per accedere alle prestazioni degli uffici SUE e SUAP e per prendere accordi sullo svolgimento delle singole pratiche che verranno seguite come di consueto.<br \/>\nQualora si abbia la necessit\u00e0 di recarsi fisicamente presso gli Uffici, invitiamo al rispetto delle\u00a0<strong>misure precauzionali<\/strong>\u00a0di cui troverete indicazioni scritte all\u2019ingresso delle sedi dell\u2019Unione e a seguire i\u00a0<strong>turni di ingresso<\/strong>\u00a0nelle sale d\u2019attesa al di fuori dei singoli Uffici.<\/p>\n<\/div>\n<div><\/div>\n<div>Lo <strong>Sportello Unico per le Attivit\u00e0 Produttive<\/strong> &#8211; SUAP \u00e8 uno strumento di semplificazione amministrativa con il fine di snellire i rapporti tra Pubblica Amministrazione (P.A.) ed utenza.<\/div>\n<div>Con l\u2019entrata in vigore del nuovo <strong>DPR n. 160 del 7 settembre 2010<\/strong> viene adottato il <em>Regolamento per la semplificazione ed il riordino della disciplina sullo Sportello Unico per le Attivit\u00e0 Produttive<\/em> che stabilisce che ogni pratica deve essere presentata esclusivamente in modalit\u00e0 telematica e deve essere gestita telematicamente garantendo l\u2019interoperabilit\u00e0 tra i vari soggetti pubblici.<\/div>\n<div>A seguito dell&#8217;accredito al Ministero per lo Sviluppo Economico dei Comuni aderenti al <strong>SUAP Unione Terra dei Castelli<\/strong>, le pratiche inerenti le attivit\u00e0 produttive comprese quelle riguardanti l&#8217;edilizia produttiva dovranno pervenire esclusivamente presso la sede del <strong>SUAP Unione Terra dei Castelli<\/strong>.<\/div>\n<div><span style=\"text-decoration: underline;\"><strong>L&#8217;unica modalit\u00e0 di trasmissione consentita all&#8217;invio delle pratiche \u00e8 quella telematica pena l&#8217;inammissibilit\u00e0 della stessa<\/strong><\/span>.<\/div>\n<div>\n<div>Le pratiche dovranno essere firmate digitalmente e fatte pervenire utilizzando il servizio di presentazione online della pratica.<\/div>\n<\/div>\n<p>I Comuni aderenti al SUAP Unione Terra dei Castelli: <span style=\"font-size: 14pt;\"><strong>Comune di Agugliano<\/strong><\/span> e <span style=\"font-size: 14pt;\"><strong>Comune di Polverigi<\/strong><\/span><\/p>\n<div><\/div>\n<p class=\"MsoNormal\" style=\"text-align: center;\" align=\"center\"><!-- [if gte mso 9]><xml>\n<w:WordDocument>\n<w:View>Normal<\/w:View>\n<w:Zoom>0<\/w:Zoom>\n<w:TrackMoves\/>\n<w:TrackFormatting\/>\n<w:DoNotShowRevisions\/>\n<w:DoNotPrintRevisions\/>\n<w:DoNotShowMarkup\/>\n<w:DoNotShowComments\/>\n<w:DoNotShowInsertionsAndDeletions\/>\n<w:DoNotShowPropertyChanges\/>\n<w:HyphenationZone>14<\/w:HyphenationZone>\n<w:PunctuationKerning\/>\n<w:ValidateAgainstSchemas\/>\n<w:SaveIfXMLInvalid>false<\/w:SaveIfXMLInvalid>\n<w:IgnoreMixedContent>false<\/w:IgnoreMixedContent>\n<w:AlwaysShowPlaceholderText>false<\/w:AlwaysShowPlaceholderText>\n<w:DoNotPromoteQF\/>\n<w:LidThemeOther>IT<\/w:LidThemeOther>\n<w:LidThemeAsian>X-NONE<\/w:LidThemeAsian>\n<w:LidThemeComplexScript>X-NONE<\/w:LidThemeComplexScript>\n<w:Compatibility>\n<w:BreakWrappedTables\/>\n<w:SnapToGridInCell\/>\n<w:WrapTextWithPunct\/>\n<w:UseAsianBreakRules\/>\n<w:DontGrowAutofit\/>\n<w:SplitPgBreakAndParaMark\/>\n<w:DontVertAlignCellWithSp\/>\n<w:DontBreakConstrainedForcedTables\/>\n<w:DontVertAlignInTxbx\/>\n<w:Word11KerningPairs\/>\n<w:CachedColBalance\/>\n<\/w:Compatibility>\n<m:mathPr>\n<m:mathFont m:val=\"Cambria Math\"\/>\n<m:brkBin m:val=\"before\"\/>\n<m:brkBinSub m:val=\"--\"\/>\n<m:smallFrac m:val=\"off\"\/>\n<m:dispDef\/>\n<m:lMargin m:val=\"0\"\/>\n<m:rMargin m:val=\"0\"\/>\n<m:defJc m:val=\"centerGroup\"\/>\n<m:wrapIndent m:val=\"1440\"\/>\n<m:intLim m:val=\"subSup\"\/>\n<m:naryLim m:val=\"undOvr\"\/>\n<\/m:mathPr><\/w:WordDocument>\n<\/xml><![endif]--><\/p>\n","protected":false},"excerpt":{"rendered":"<p>Si informa che con decorrenza 01\/01\/2023, a seguito della modifica dei dati per i pagamenti sono disponibili le nuove coordinate bancarie nell\u2019Allegato \u2018Diritti di istruttoria\u2019 disponibile nella sezione \u2018Documenti utili\u2019. &nbsp; Si informa che a fronte della nota ARPAM del 30\/11\/2021, per i procedimenti che prevedono il parere ARPAM, \u00e8 necessario compilare il modello disponibile [&hellip;]<\/p>\n","protected":false},"author":1,"featured_media":0,"parent":0,"menu_order":0,"comment_status":"closed","ping_status":"closed","template":"","meta":{"footnotes":""},"class_list":["post-18","page","type-page","status-publish","hentry"],"_links":{"self":[{"href":"https:\/\/suap.regione.marche.it\/unionecastelli\/index.php?rest_route=\/wp\/v2\/pages\/18","targetHints":{"allow":["GET"]}}],"collection":[{"href":"https:\/\/suap.regione.marche.it\/unionecastelli\/index.php?rest_route=\/wp\/v2\/pages"}],"about":[{"href":"https:\/\/suap.regione.marche.it\/unionecastelli\/index.php?rest_route=\/wp\/v2\/types\/page"}],"author":[{"embeddable":true,"href":"https:\/\/suap.regione.marche.it\/unionecastelli\/index.php?rest_route=\/wp\/v2\/users\/1"}],"replies":[{"embeddable":true,"href":"https:\/\/suap.regione.marche.it\/unionecastelli\/index.php?rest_route=%2Fwp%2Fv2%2Fcomments&post=18"}],"version-history":[{"count":49,"href":"https:\/\/suap.regione.marche.it\/unionecastelli\/index.php?rest_route=\/wp\/v2\/pages\/18\/revisions"}],"predecessor-version":[{"id":1304,"href":"https:\/\/suap.regione.marche.it\/unionecastelli\/index.php?rest_route=\/wp\/v2\/pages\/18\/revisions\/1304"}],"wp:attachment":[{"href":"https:\/\/suap.regione.marche.it\/unionecastelli\/index.php?rest_route=%2Fwp%2Fv2%2Fmedia&parent=18"}],"curies":[{"name":"wp","href":"https:\/\/api.w.org\/{rel}","templated":true}]}}