{"id":429,"date":"2018-08-07T11:27:13","date_gmt":"2018-08-07T09:27:13","guid":{"rendered":"http:\/\/serrasanquirico.nuvolaitalsoft.eu\/serrasanquirico\/?page_id=429"},"modified":"2023-01-24T12:59:48","modified_gmt":"2023-01-24T11:59:48","slug":"home","status":"publish","type":"page","link":"https:\/\/suap.regione.marche.it\/serrasanquirico\/","title":{"rendered":"Home"},"content":{"rendered":"<p><b>Nuove coordinate bancarie per il versamento dei diritti NIA sanitaria:<\/b><\/p>\n<p>IBAN: IT 81D0306902609100000046115<br \/>\nIntestato a Azienda Sanitaria Territoriale di Ancona<br \/>\npresso Banca Intesa San Paolo<\/p>\n<p><a href=\"https:\/\/suap.regione.marche.it\/serrasanquirico\/wp-content\/uploads\/sites\/29\/2023\/01\/NUOVO_IBAN_NIA.pdf\">Scarica l\u2019allegato di comunicazione<\/a><\/p>\n<p>&nbsp;<\/p>\n<p><strong>Si ricorda l&#8217;utente che la pratica di NIA sanitaria deve contenere obbligatoriamente la scheda anagrafica (Modello Dichiarante e Modello Impresa-Procura) reperibile nella sezione Documenti Utili. Nella compilazione online \u00e8 gi\u00e0 inclusa nel procedimento stesso.<\/strong><\/p>\n<p>&nbsp;<\/p>\n<p><span style=\"font-size: 14pt;\"><b>L.R. 26\/99 Norme ed indirizzi per il settore del commercio &#8211;\u00a0 come modificato dalla L.R. 19\/21.12.2006 \u2013 periodi delle vendite di fine stagione. Anno 2019<\/b><\/span><\/p>\n<p>&nbsp;<\/p>\n<p>Con DGR n. 1561\/27.11.2018 la Giunta Regionale ha approvato i periodi e le modalit\u00e0 delle vendite di fine stagione per l\u2019anno 2019<\/p>\n<p>Periodo Invernale\u00a0 dal 05\/01 al 01\/03\/2019<\/p>\n<p>Periodo Estivo\u00a0\u00a0\u00a0\u00a0\u00a0\u00a0 dal 06\/07 al\u00a0 01\/09\/2019.<\/p>\n<p>&nbsp;<\/p>\n<p>SCIA degli stabilimenti del settore alimentare primario e post primario <a href=\"http:\/\/suap.senigallia.an.it\/wp-content\/uploads\/2018\/03\/DGR0158_18.pdf\">D.G.R. n. 158 del 19\/02\/2018<\/a> CHIARIMENTI E NUOVI IMPORTI PER I DIRITTI: \u20ac 20,00<\/p>\n<p>La Giunta Regionale, con D.G.R. 1278 del 30 ottobre 2017, ha approvato alcune modifiche all\u2019art. 28 del Piano di Tutela delle Acque della Regione Marche.<br \/>\nIn particolare, il nuovo art. 28 dispone che gli scarichi delle acque reflue assimilate alle domestiche:<\/p>\n<ul>\n<li>al di fuori della pubblica fognatura, restano assoggettati ad autorizzazione, ai sensi dell\u2019art. 124, c. 1 del D.lgs 152\/2006 e ad A.U.A. nei casi di applicazione delle disposizioni del D.P.R. 59\/2013;<\/li>\n<li>in pubblica fognatura sono ammessi, previa comunicazione presentata al SUAP, resa sotto forma di dichiarazione sostitutiva di atto di notoriet\u00e0 e nel rispetto dei regolamenti del Servizio Idrico Integrato.<\/li>\n<\/ul>\n<p>In caso di attivit\u00e0 che necessitano dell\u2019A.U.A. per altri titoli ambientali di cui all\u2019art 3, c. 1 del D.P.R. 59\/2013 la dichiarazione per lo scarico deve essere ricompresa nell\u2019AUA.<br \/>\nRestano invariati i criteri di assimilazione, definiti dal comma 5 dell\u2019art. 28 Piano di Tutela delle Acque della Regione Marche.<\/p>\n<p><a href=\"http:\/\/suap.senigallia.an.it\/wp-content\/uploads\/2017\/12\/art-28PTAMarche.docx\">link all&#8217;art. 28 come modificato dalla D.G.R. 1278 del 30 ottobre 2017<\/a><\/p>\n<p><a href=\"http:\/\/suap.senigallia.an.it\/wp-content\/uploads\/2017\/12\/DGR1278_17.pdf\">D.G.R.1278 del 30 ottobre 2017<\/a><\/p>\n<p>&nbsp;<\/p>\n<p>Lo <strong>Sportello Unico per le Attivit\u00e0 Produttive<\/strong> &#8211; SUAP \u00e8 uno strumento di semplificazione amministrativa con il fine di snellire i rapporti tra Pubblica Amministrazione (P.A.) ed utenza.<\/p>\n<p>Con l\u2019entrata in vigore del nuovo <em>DPR n. 160 del 7 settembre 2010 viene adottato il Regolamento per la semplificazione ed il riordino della disciplina sullo Sportello Unico per le Attivit\u00e0 Produttive<\/em> che stabilisce che ogni pratica deve essere presentata esclusivamente in modalit\u00e0 telematica e deve essere gestita telematicamente garantendo l\u2019interoperabilit\u00e0 tra i vari soggetti pubblici.<\/p>\n<p>A seguito dell&#8217;accredito al Ministero per lo Sviluppo Economico del Comune di Serra San Quirico, le pratiche inerenti le attivit\u00e0 produttive comprese quelle riguardanti l&#8217;edilizia produttiva dovranno pervenire esclusivamente presso la sede del Comune.<\/p>\n<p><span style=\"text-decoration: underline;\"><strong>L&#8217;unica modalit\u00e0 di trasmissione consentita all&#8217;invio delle pratiche \u00e8 quella telematica pena l&#8217;inammissibilit\u00e0 della stessa.<\/strong><\/span><\/p>\n<p>Le pratiche dovranno essere firmate digitalmente e fatte pervenire utilizzando il servizio di presentazione online della pratica.<\/p>\n<p>&nbsp;<\/p>\n<hr style=\"margin: 10px;\" \/>\n<p>&nbsp;<\/p>\n<p style=\"text-align: center;\">Le <span style=\"color: #ff0000;\"><strong>aziende agrituristiche<\/strong><\/span> in attivit\u00e0, titolari di autorizzazioni rilasciate in attuazione della L.R. 3\/02, e non rinnovate ai sensi della legge regionale medesima, presentano la <a href=\"http:\/\/suap.senigallia.an.it\/wp-content\/uploads\/file\/LEGGE_REGIONALE_14_novembre_2011,_n__21.pdf\">SCIA di cui all\u2019art. 13 L.R. 21\/11<\/a><\/p>\n<p style=\"text-align: center;\">entro il <strong><span style=\"color: #3366ff;\">3 febbraio 2015<\/span><\/strong>.<\/p>\n<p style=\"text-align: center;\"><em>(art. 25, c. 10 L. R. 4 dicembre 2014, n. 33)<\/em><\/p>\n<p style=\"text-align: center;\"><em>Procedimento Automatizzato\/Strutture Ricettive (Trismo)\/ Agriturismo\/<a href=\"http:\/\/46.37.14.95\/wpE837\/?page_id=69&amp;model=praGestPassi&amp;event=openBlock&amp;procedi=000480&amp;rnd=1235229462\">Segnalazione Certificata di Inizio Attivita&#8217; : Avvio <\/a><\/em><\/p>\n<p>&nbsp;<\/p>\n<hr style=\"margin: 10px;\" \/>\n<div>\n<p>&nbsp;<\/p>\n<p style=\"text-align: center;\">Le <span style=\"color: #ff0000;\"><strong>aziende agrituristiche<\/strong><\/span> entro il <span style=\"color: #3366ff;\"><strong>22 novembre 2016<\/strong><\/span> devono presentare allo Sportello Unico Attivit\u00e0 Produttive territorialmente competente apposita autodichiarazione concernente la <a href=\"http:\/\/46.37.14.95\/wpE837\/wp-content\/uploads\/file\/REGOLAMENTO_REGIONALE_04_novembre_2013,_n__6.pdf\">classificazione <\/a>posseduta.<\/p>\n<p style=\"text-align: center;\"><em>(art. 25, c. 12 L. R. 4 dicembre 2014, n. 33)<\/em><\/p>\n<p style=\"text-align: center;\"><em>Procedimento Automatizzato\/Strutture Ricettive (Trismo)\/ Agriturismo\/<\/em><a href=\"https:\/\/suap.regione.marche.it\/serrasanquirico\/?page_id=69&amp;model=praGestPassi&amp;event=openBlock&amp;procedi=000564&amp;rnd=1023822550\"><em>Autodichiarazione concernente la classificazione posseduta (art. 16, c. 1 del R. R. 6\/2013)<\/em> <\/a><\/p>\n<\/div>\n<p>&nbsp;<\/p>\n<hr style=\"margin: 10px;\" \/>\n<p>&nbsp;<\/p>\n<p style=\"text-align: center;\">Le <strong><a href=\"https:\/\/suap.regione.marche.it\/serrasanquirico\/wp-content\/uploads\/sites\/29\/file\/DGR1197_14.pdf\">vendite di fine stagione<\/a><\/strong>, per l&#8217;anno, 2015 possono essere effttuate<\/p>\n<p style=\"text-align: center;\">dal <span style=\"color: #ff0000;\"><strong><a style=\"color: #ff0000;\" href=\"https:\/\/suap.regione.marche.it\/serrasanquirico\/wp-content\/uploads\/sites\/29\/file\/Untitled_22122014_105701.pdf\">3 gennaio<\/a><\/strong><\/span> al 1\u00b0 marzo e dal 4 luglio al 1\u00b0 settembre.<\/p>\n<p style=\"text-align: center;\">NON E&#8217; PIU&#8217; NECESSARIA ALCUNA COMUNICAZIONE AL COMUNE<\/p>\n<p>&nbsp;<\/p>\n<hr style=\"margin: 10px;\" \/>\n<p>&nbsp;<\/p>\n<p>La <strong>NIA<\/strong> per la registrazione degli stabilimenti del settore alimentare<\/p>\n<p>dovr\u00e0 essere presentata ON-LINE al SUAP del Comune nel quale ha sede lo stabilimento da registrare<\/p>\n<ul>\n<li><span lang=\"EN-US\"><a href=\"http:\/\/impresa.regione.marche.it\/Portals\/0\/Documenti%20marco\/Suap%20Modulistica\/Tavoli%20permanenti\/TAV%20PERM\/Esiti%20tav%2025-3%20ddpf_n.156-2013.pdf\"><span lang=\"IT\">DDPF n. 156 del 25.11.2013<\/span><\/a><\/span> &#8211; Sicurezza alimentare \u2013 registrazione degli stabilimenti del settore alimentare post primario ai sensi dei Reg. CE 852104 e della DGRM n. 2232 del 28 dicembre 2009; modifica delle procedure<\/li>\n<li>Il procedimento \u00e8 attivabile dalla sezione <a href=\"https:\/\/suap.regione.marche.it\/serrasanquirico\/?page_id=720\">PROCEDIMENTI E MODULISTICA&gt;PROCEDIMENTI ON LINE<\/a> nel settore NOTIFICA IGIENE DEI PRODOTTI ALIMENTARI.<\/li>\n<\/ul>\n<p>&nbsp;<\/p>\n<hr style=\"margin: 10px;\" \/>\n<p>&nbsp;<\/p>\n","protected":false},"excerpt":{"rendered":"<p>Nuove coordinate bancarie per il versamento dei diritti NIA sanitaria: IBAN: IT 81D0306902609100000046115 Intestato a Azienda Sanitaria Territoriale di Ancona presso Banca Intesa San Paolo Scarica l\u2019allegato di comunicazione &nbsp; Si ricorda l&#8217;utente che la pratica di NIA sanitaria deve contenere obbligatoriamente la scheda anagrafica (Modello Dichiarante e Modello Impresa-Procura) reperibile nella sezione Documenti Utili. [&hellip;]<\/p>\n","protected":false},"author":35403,"featured_media":0,"parent":0,"menu_order":0,"comment_status":"closed","ping_status":"closed","template":"","meta":{"footnotes":""},"class_list":["post-429","page","type-page","status-publish","hentry"],"_links":{"self":[{"href":"https:\/\/suap.regione.marche.it\/serrasanquirico\/index.php?rest_route=\/wp\/v2\/pages\/429","targetHints":{"allow":["GET"]}}],"collection":[{"href":"https:\/\/suap.regione.marche.it\/serrasanquirico\/index.php?rest_route=\/wp\/v2\/pages"}],"about":[{"href":"https:\/\/suap.regione.marche.it\/serrasanquirico\/index.php?rest_route=\/wp\/v2\/types\/page"}],"author":[{"embeddable":true,"href":"https:\/\/suap.regione.marche.it\/serrasanquirico\/index.php?rest_route=\/wp\/v2\/users\/35403"}],"replies":[{"embeddable":true,"href":"https:\/\/suap.regione.marche.it\/serrasanquirico\/index.php?rest_route=%2Fwp%2Fv2%2Fcomments&post=429"}],"version-history":[{"count":32,"href":"https:\/\/suap.regione.marche.it\/serrasanquirico\/index.php?rest_route=\/wp\/v2\/pages\/429\/revisions"}],"predecessor-version":[{"id":923,"href":"https:\/\/suap.regione.marche.it\/serrasanquirico\/index.php?rest_route=\/wp\/v2\/pages\/429\/revisions\/923"}],"wp:attachment":[{"href":"https:\/\/suap.regione.marche.it\/serrasanquirico\/index.php?rest_route=%2Fwp%2Fv2%2Fmedia&parent=429"}],"curies":[{"name":"wp","href":"https:\/\/api.w.org\/{rel}","templated":true}]}}