{"id":429,"date":"2018-08-07T11:27:13","date_gmt":"2018-08-07T09:27:13","guid":{"rendered":"http:\/\/suap.regione.marche.it\/numana\/?page_id=429"},"modified":"2026-02-06T16:17:31","modified_gmt":"2026-02-06T15:17:31","slug":"home","status":"publish","type":"page","link":"https:\/\/suap.regione.marche.it\/numana\/","title":{"rendered":"Home"},"content":{"rendered":"<p><strong>Presentazione SCIA per noleggio autobus con conducente: SCADENZA 11 FEBBRAIO<\/strong><\/p>\n<p>Si segnala che, dallo scorso 15 agosto, \u00e8 in vigore la L.R. 24 luglio 2025, n. 16, recante \u201cDisposizioni in materia di trasporto di viaggiatori mediante noleggio di autobus con conducente\u201d mediante la quale sono stati recepiti nell\u2019ordinamento regionale marchigiano i principi stabiliti nella materia in questione dalla Legge 11 agosto 2003, n. 218.<br \/>\nLa legge suddetta, pubblicata sul B.U.R. n. 71 del 31 luglio 2025, disciplina l\u2019avvio e l\u2019esercizio dell\u2019attivit\u00e0 di noleggio autobus con conducente, stabilisce i requisiti necessari allo scopo ed istituisce il registro regionale telematico delle imprese esercenti l&#8217;attivit\u00e0 medesima, che viene regolamentata mediante ricorso alla SCIA.<br \/>\nApposito atto deliberativo della Giunta Regionale, previsto dall\u2019articolo 9, comma primo, della L.R. 16\/2025 ed attualmente in fase di predisposizione, stabilir\u00e0 le modalit\u00e0 per la tenuta del citato registro<br \/>\ntelematico delle imprese, nonch\u00e9 quelle per l\u2019espletamento degli accertamenti periodici tesi a verificare la permanenza dei requisiti necessari all\u2019esercizio dell\u2019attivit\u00e0.<\/p>\n<p><strong>S\u2019invita a prestare particolare attenzione all\u2019adempimento previsto dall\u2019articolo 9, comma terzo, della L.R. 16\/2025: in forza di tale disposizione, <em>ENTRO IL PROSSIMO 11 FEBBRAIO 2026<\/em> (centottantesimo giorno dall\u2019entrata in vigore della legge), le imprese che gi\u00e0 esercitavano l\u2019attivit\u00e0 di noleggio autobus con conducente alla data del 15 agosto 2025 dovranno presentare la SCIA prevista dall\u2019articolo 3 della legge per poter proseguire legittimamente la propria attivit\u00e0.<\/strong><\/p>\n<p><strong>DECORSO INUTILMENTE DETTO TERMINE, I TITOLI ABILITATIVI CONSEGUITI IN PRECEDENZA CESSERANNO DI AVERE EFFICACIA.<\/strong><\/p>\n<p><strong>LINK ALLA PRESENTAZIONE DELLA SCIA:<\/strong> <a class=\"italsoft-treeview-text italsoft-treeview-text--selectable\" href=\"https:\/\/suap.regione.marche.it\/numana\/?page_id=723&amp;procedi=000138&amp;subproc=000006&amp;subprocid=39214&amp;rnd=\">Comunicazione prosecuzione attivit\u00e0 ai sensi della LR 16\/2025<\/a><\/p>\n<p>&nbsp;<\/p>\n<p style=\"text-align: center;\">_____________________________<\/p>\n<p><a href=\"http:\/\/suap.regione.marche.it\/numana\/?p=999\">Si comunica che <strong>dal 1 gennaio 2024 entreranno in vigore le nuove tariffe<\/strong> per la presentazione delle pratiche allo sportello SUAP. Per consultare il tariffario <strong>clicca qui<\/strong><\/a><\/p>\n<p style=\"text-align: center;\">_____________________________<\/p>\n<p><a href=\"http:\/\/suap.regione.marche.it\/numana\/?p=911\">Avvio d\u2019ufficio del procedimento di rinnovo delle concessioni di posteggio per l\u2019esercizio del commercio su aree pubbliche in scadenza al 31\/12\/2020 relativamente al Comune di Numana<\/a><\/p>\n<p style=\"text-align: center;\">_____________________________<\/p>\n<p>&nbsp;<\/p>\n<p><strong>VERSAMENTO DIRITTI SANITARI PER NOTIFICA INIZIO ATTIVIT\u00c0<\/strong><strong> (NIA) PER IL SETTORE ALIMENTARE<\/strong><\/p>\n<p>Il pagamento dei diritti NIA deve essere versato a:<\/p>\n<p><span style=\"font-family: georgia, palatino, serif;\">IBAN: IT 81D0306902609100000046115<\/span><br \/>\n<span style=\"font-family: georgia, palatino, serif;\">Intestato a Azienda Sanitaria Territoriale di Ancona<\/span><br \/>\n<span style=\"font-family: georgia, palatino, serif;\">presso Banca Intesa San Paolo<\/span><\/p>\n<p><a href=\"https:\/\/suap.regione.marche.it\/numana\/wp-content\/uploads\/sites\/19\/2025\/07\/NUOVO_IBAN_NIA-5.pdf\">Scarica l\u2019allegato di comunicazione<\/a><\/p>\n<p>&nbsp;<\/p>\n<p>SCIA degli stabilimenti del settore alimentare primario e post primario <a href=\"https:\/\/suap.regione.marche.it\/numana\/wp-content\/uploads\/sites\/19\/2025\/07\/DGR0158_18-4.pdf\" target=\"_blank\" rel=\"noopener\">D.G.R. n. 158 del 19\/02\/2018<\/a> CHIARIMENTI E NUOVI IMPORTI PER I DIRITTI: \u20ac 20,00<\/p>\n<p>&nbsp;<\/p>\n<p>La Giunta Regionale, con D.G.R. 1278 del 30 ottobre 2017, ha approvato alcune modifiche all\u2019art. 28 del Piano di Tutela delle Acque della Regione Marche.<br \/>\nIn particolare, il nuovo art. 28 dispone che gli scarichi delle acque reflue assimilate alle domestiche:<br \/>\na) al di fuori della pubblica fognatura, restano assoggettati ad autorizzazione, ai sensi dell\u2019art. 124, c. 1 del D.lgs 152\/2006 e ad A.U.A. nei casi di applicazione delle disposizioni del D.P.R. 59\/2013;<br \/>\nb) in pubblica fognatura sono ammessi, previa comunicazione presentata al SUAP, resa sotto forma di dichiarazione sostitutiva di atto di notoriet\u00e0 e nel rispetto dei regolamenti del Servizio Idrico Integrato. In caso di attivit\u00e0 che necessitano dell\u2019A.U.A. per altri titoli ambientali di cui all\u2019art 3, c. 1 del D.P.R. 59\/2013 la dichiarazione per lo scarico deve essere ricompresa nell\u2019AUA.<br \/>\nRestano invariati i criteri di assimilazione, definiti dal comma 5 dell\u2019art. 28 Piano di Tutela delle Acque della Regione Marche.<\/p>\n<p><a href=\"https:\/\/suap.regione.marche.it\/numana\/wp-content\/uploads\/sites\/19\/2025\/07\/art-28PTAMarche.docx\">link all&#8217;art. 28 come modificato dalla D.G.R. 1278 del 30 ottobre 2017<\/a><\/p>\n<p><a href=\"https:\/\/suap.regione.marche.it\/numana\/wp-content\/uploads\/sites\/19\/2025\/07\/DGR1278_17.pdf\">D.G.R.1278 del 30 ottobre 2017<\/a><\/p>\n<p>&nbsp;<\/p>\n<p>Lo <strong>Sportello Unico per le Attivit\u00e0 Produttive<\/strong> &#8211; SUAP \u00e8 uno strumento di semplificazione amministrativa con il fine di snellire i rapporti tra Pubblica Amministrazione (P.A.) ed utenza.<\/p>\n<p>Con l\u2019entrata in vigore del nuovo <strong>DPR n. 160 del 7 settembre 2010<\/strong> viene adottato il <em>Regolamento per la semplificazione ed il riordino della disciplina sullo Sportello Unico per le Attivit\u00e0 Produttive<\/em> che stabilisce che ogni pratica deve essere presentata esclusivamente in modalit\u00e0 telematica e deve essere gestita telematicamente garantendo l\u2019interoperabilit\u00e0 tra i vari soggetti pubblici.<\/p>\n<p>A seguito dell&#8217;accredito al Ministero per lo Sviluppo Economico del Comune di Numana, le pratiche inerenti le attivit\u00e0 produttive comprese quelle riguardanti l&#8217;edilizia produttiva dovranno pervenire esclusivamente presso la sede del Comune.<\/p>\n<p><span style=\"text-decoration: underline;\"><strong>L&#8217;unica modalit\u00e0 di trasmissione consentita all&#8217;invio delle pratiche \u00e8 quella telematica pena l&#8217;inammissibilit\u00e0 della stessa.<\/strong><\/span><\/p>\n<p>Le pratiche dovranno essere firmate digitalmente e fatte pervenire utilizzando il servizio di presentazione online della pratica.<\/p>\n<p>&nbsp;<\/p>\n","protected":false},"excerpt":{"rendered":"<p>Presentazione SCIA per noleggio autobus con conducente: SCADENZA 11 FEBBRAIO Si segnala che, dallo scorso 15 agosto, \u00e8 in vigore la L.R. 24 luglio 2025, n. 16, recante \u201cDisposizioni in materia di trasporto di viaggiatori mediante noleggio di autobus con conducente\u201d mediante la quale sono stati recepiti nell\u2019ordinamento regionale marchigiano i principi stabiliti nella materia [&hellip;]<\/p>\n","protected":false},"author":1,"featured_media":0,"parent":0,"menu_order":0,"comment_status":"closed","ping_status":"closed","template":"","meta":{"footnotes":""},"class_list":["post-429","page","type-page","status-publish","hentry"],"_links":{"self":[{"href":"https:\/\/suap.regione.marche.it\/numana\/index.php?rest_route=\/wp\/v2\/pages\/429","targetHints":{"allow":["GET"]}}],"collection":[{"href":"https:\/\/suap.regione.marche.it\/numana\/index.php?rest_route=\/wp\/v2\/pages"}],"about":[{"href":"https:\/\/suap.regione.marche.it\/numana\/index.php?rest_route=\/wp\/v2\/types\/page"}],"author":[{"embeddable":true,"href":"https:\/\/suap.regione.marche.it\/numana\/index.php?rest_route=\/wp\/v2\/users\/1"}],"replies":[{"embeddable":true,"href":"https:\/\/suap.regione.marche.it\/numana\/index.php?rest_route=%2Fwp%2Fv2%2Fcomments&post=429"}],"version-history":[{"count":39,"href":"https:\/\/suap.regione.marche.it\/numana\/index.php?rest_route=\/wp\/v2\/pages\/429\/revisions"}],"predecessor-version":[{"id":1125,"href":"https:\/\/suap.regione.marche.it\/numana\/index.php?rest_route=\/wp\/v2\/pages\/429\/revisions\/1125"}],"wp:attachment":[{"href":"https:\/\/suap.regione.marche.it\/numana\/index.php?rest_route=%2Fwp%2Fv2%2Fmedia&parent=429"}],"curies":[{"name":"wp","href":"https:\/\/api.w.org\/{rel}","templated":true}]}}