{"id":48,"date":"2014-10-15T16:43:08","date_gmt":"2014-10-15T14:43:08","guid":{"rendered":"http:\/\/servizi.unionecomunimisa-nevola.it\/suap\/?page_id=48"},"modified":"2019-01-02T12:03:28","modified_gmt":"2019-01-02T10:03:28","slug":"conferenza-di-servizi","status":"publish","type":"page","link":"https:\/\/suap.regione.marche.it\/misanevola\/?page_id=48","title":{"rendered":"Conferenza di Servizi"},"content":{"rendered":"\r\n<div id=\"post-319\" class=\"u-margin-r-bottom post-319 post type-post status-publish format-standard hentry category-senza-categoria\">\r\n    <div class=\"u-nbfc u-borderShadow-xxs u-borderRadius-m border-top-primary\" style=\"background-color: #fcfcfc;\">\r\n        <div class=\"u-text-r-m u-padding-r-all\">\r\n                            <div class=\"Grid Grid--fit u-margin-r-bottom\">\r\n                    <p class=\"Grid-cell\">\r\n                                                    <span class=\"Dot u-background-50\"><\/span>\r\n                            <strong><a href=\"https:\/\/suap.regione.marche.it\/misanevola\/?cat=1\" class=\"u-textClean u-text-r-xs\">Senza categoria<\/a><\/strong>\r\n                        \r\n                                            <\/p>\r\n                <\/div>\r\n            \r\n            <h3 class=\"u-text-h4 u-margin-r-bottom\">\r\n                <a href=\"https:\/\/suap.regione.marche.it\/misanevola\/?p=319\" rel=\"bookmark\" class=\"u-text-h4 u-textClean u-color-black\">Bed And Breakfast \u2013 NOVITA\u2019 D.G.R. n. 70\/2022<\/a>            <\/h3>\r\n\r\n            <div class=\"u-textSecondary u-text-r-xxs\">\r\n                <span class=\"posted-on\">Pubblicato il <a href=\"https:\/\/suap.regione.marche.it\/misanevola\/?p=319\" rel=\"bookmark\"><time class=\"entry-date published updated\" datetime=\"2022-02-18T10:27:03+02:00\">18 Febbraio 2022<\/time><\/a><\/span>            <\/div>\r\n\r\n                            <div class=\"u-text-p\"><p>SI PORTA A CONOSCENZA CHE La Regione Marche con delibera di Giunta n. 70 del 31 gennaio 2022 ha aggiornato gli standard qualitativi ed i requisiti per l\u2019esercizio delle attivit\u00e0 di Bed and Breakfast. I punti salienti del nuovo regolamento sono principalmente due: 1) \u00c8 possibile esercitare l&#8217;attivit\u00e0 di B&amp;B anche in forma imprenditoriale. In [&hellip;]<\/p>\n<\/div>\r\n                    <\/div>\r\n    <\/div>\r\n<\/div>\r\n<div id=\"post-2021000132164192094189\" class=\"u-margin-r-bottom post-2021000132164192094189 post type-post status-publish format-standard hentry\">\r\n    <div class=\"u-nbfc u-borderShadow-xxs u-borderRadius-m border-top-primary\" style=\"background-color: #fcfcfc;\">\r\n        <div class=\"u-text-r-m u-padding-r-all\">\r\n                            <div class=\"Grid Grid--fit u-margin-r-bottom\">\r\n                    <p class=\"Grid-cell\">\r\n                        \r\n                                                    <span class=\"Dot u-background-50\"><\/span>\r\n                            <strong>EDILIZIA PRODUTTIVA - INTERVENTI EDILIZI SU IMPIANTI PRODUTTIVI<\/strong>\r\n                                            <\/p>\r\n                <\/div>\r\n            \r\n            <h3 class=\"u-text-h4 u-margin-r-bottom\">\r\n                <a href=\"https:\/\/suap.regione.marche.it\/misanevola\/?page_id=61&event=dettaglioArticolo&ID=2021000132164192094189\" rel=\"bookmark\" class=\"u-text-h4 u-textClean u-color-black\">PERMESSO-IN-SANATORIA<\/a>            <\/h3>\r\n\r\n            <div class=\"u-textSecondary u-text-r-xxs\">\r\n                <span class=\"posted-on\">Pubblicato il <a href=\"https:\/\/suap.regione.marche.it\/misanevola\/?page_id=61&#038;event=dettaglioArticolo&#038;ID=2021000132164192094189\" rel=\"bookmark\"><time class=\"entry-date published\" datetime=\"2022-01-11T08:00:00+02:00\">11 Gennaio 2022<\/time><\/a><\/span>            <\/div>\r\n\r\n                            <div class=\"u-text-p\"><p>&nbsp; Saluti Geom. Manna Massimo Resp. Servizi Territoriali Resp. SUAP UNIONE DEI COMUNI MISA-NEVOLA via del Corso, 9 60013 &#8211; CORINALDO (AN ) tel 0717978620 interno 220 &nbsp;fax 0717978042 pec:protocollo@pec.unionecomunimisa-nevola.it e-mail: m.manna@corinaldo.it<\/p>\n<\/div>\r\n                    <\/div>\r\n    <\/div>\r\n<\/div>\r\n<div id=\"post-284\" class=\"u-margin-r-bottom post-284 post type-post status-publish format-standard hentry category-senza-categoria\">\r\n    <div class=\"u-nbfc u-borderShadow-xxs u-borderRadius-m border-top-primary\" style=\"background-color: #fcfcfc;\">\r\n        <div class=\"u-text-r-m u-padding-r-all\">\r\n                            <div class=\"Grid Grid--fit u-margin-r-bottom\">\r\n                    <p class=\"Grid-cell\">\r\n                                                    <span class=\"Dot u-background-50\"><\/span>\r\n                            <strong><a href=\"https:\/\/suap.regione.marche.it\/misanevola\/?cat=1\" class=\"u-textClean u-text-r-xs\">Senza categoria<\/a><\/strong>\r\n                        \r\n                                            <\/p>\r\n                <\/div>\r\n            \r\n            <h3 class=\"u-text-h4 u-margin-r-bottom\">\r\n                <a href=\"https:\/\/suap.regione.marche.it\/misanevola\/?p=284\" rel=\"bookmark\" class=\"u-text-h4 u-textClean u-color-black\">VENDITE PROMOZIONALI \u2013 NIENTE COMUNICAZIONE PREVENTIVA<\/a>            <\/h3>\r\n\r\n            <div class=\"u-textSecondary u-text-r-xxs\">\r\n                <span class=\"posted-on\">Pubblicato il <a href=\"https:\/\/suap.regione.marche.it\/misanevola\/?p=284\" rel=\"bookmark\"><time class=\"entry-date published updated\" datetime=\"2021-10-05T13:51:58+02:00\">5 Ottobre 2021<\/time><\/a><\/span>            <\/div>\r\n\r\n                            <div class=\"u-text-p\"><p>Le vendite promozionali\u00a0possono essere effettuate durante l\u2019intero anno. Durante le vendite promozionali i prodotti a prezzo scontato devono essere tenuti separati da quelli posti in vendita a prezzo normale. NON E\u2019 NECESSARIA ALCUNA COMUNICAZIONE AL SUAP (cos\u00ec come disposto dall\u2019art. 51, c. 4 della L.R. 22\/2021)<\/p>\n<\/div>\r\n                    <\/div>\r\n    <\/div>\r\n<\/div>\r\n<div id=\"post-277\" class=\"u-margin-r-bottom post-277 post type-post status-publish format-standard hentry category-senza-categoria\">\r\n    <div class=\"u-nbfc u-borderShadow-xxs u-borderRadius-m border-top-primary\" style=\"background-color: #fcfcfc;\">\r\n        <div class=\"u-text-r-m u-padding-r-all\">\r\n                            <div class=\"Grid Grid--fit u-margin-r-bottom\">\r\n                    <p class=\"Grid-cell\">\r\n                                                    <span class=\"Dot u-background-50\"><\/span>\r\n                            <strong><a href=\"https:\/\/suap.regione.marche.it\/misanevola\/?cat=1\" class=\"u-textClean u-text-r-xs\">Senza categoria<\/a><\/strong>\r\n                        \r\n                                            <\/p>\r\n                <\/div>\r\n            \r\n            <h3 class=\"u-text-h4 u-margin-r-bottom\">\r\n                <a href=\"https:\/\/suap.regione.marche.it\/misanevola\/?p=277\" rel=\"bookmark\" class=\"u-text-h4 u-textClean u-color-black\">CONCESSIONE DI SUOLO PUBBLICO &#8211; ESENZIONI E RICORRENTE<\/a>            <\/h3>\r\n\r\n            <div class=\"u-textSecondary u-text-r-xxs\">\r\n                <span class=\"posted-on\">Pubblicato il <a href=\"https:\/\/suap.regione.marche.it\/misanevola\/?p=277\" rel=\"bookmark\"><time class=\"entry-date published updated\" datetime=\"2020-05-25T12:20:23+02:00\">25 Maggio 2020<\/time><\/a><\/span>            <\/div>\r\n\r\n                            <div class=\"u-text-p\"><p>ESENZIONE COSAP\/TOSAP\u00a0 E IMPOSTA DI BOLLO D.L. RILANCIO &nbsp; L&#8217;art. 181 del D.L.\u00a019 maggio 2020, n. 34 ha disposto l&#8217;esenzione dal pagamento della COSAP\/TOSAP per l&#8217;utilizzo di suolo pubblico da parte di esercenti attivit\u00e0 di somministrazione di alimenti e bevande (ai sensi della L.R. 27\/09) per il periodo dal 1\u00b0 maggio al 31 ottobre 2020. [&hellip;]<\/p>\n<\/div>\r\n                    <\/div>\r\n    <\/div>\r\n<\/div>\r\n<div id=\"post-275\" class=\"u-margin-r-bottom post-275 post type-post status-publish format-standard hentry category-senza-categoria\">\r\n    <div class=\"u-nbfc u-borderShadow-xxs u-borderRadius-m border-top-primary\" style=\"background-color: #fcfcfc;\">\r\n        <div class=\"u-text-r-m u-padding-r-all\">\r\n                            <div class=\"Grid Grid--fit u-margin-r-bottom\">\r\n                    <p class=\"Grid-cell\">\r\n                                                    <span class=\"Dot u-background-50\"><\/span>\r\n                            <strong><a href=\"https:\/\/suap.regione.marche.it\/misanevola\/?cat=1\" class=\"u-textClean u-text-r-xs\">Senza categoria<\/a><\/strong>\r\n                        \r\n                                            <\/p>\r\n                <\/div>\r\n            \r\n            <h3 class=\"u-text-h4 u-margin-r-bottom\">\r\n                <a href=\"https:\/\/suap.regione.marche.it\/misanevola\/?p=275\" rel=\"bookmark\" class=\"u-text-h4 u-textClean u-color-black\">Vendite di fine stagione &#8211; ANNO 2020<\/a>            <\/h3>\r\n\r\n            <div class=\"u-textSecondary u-text-r-xxs\">\r\n                <span class=\"posted-on\">Pubblicato il <a href=\"https:\/\/suap.regione.marche.it\/misanevola\/?p=275\" rel=\"bookmark\"><time class=\"entry-date published updated\" datetime=\"2020-05-25T12:19:15+02:00\">25 Maggio 2020<\/time><\/a><\/span>            <\/div>\r\n\r\n                            <div class=\"u-text-p\"><p>Le vendite di fine stagione, i saldi estivi di fine stagione, per il solo anno 2020, possono essere effettuati dal\u00a01\u00b0 agosto fino al 15 ottobre 2020 NON E&#8217; PIU&#8217; NECESSARIA ALCUNA COMUNICAZIONE AL COMUNE<\/p>\n<\/div>\r\n                    <\/div>\r\n    <\/div>\r\n<\/div>\r\n<div id=\"post-260\" class=\"u-margin-r-bottom post-260 post type-post status-publish format-standard hentry category-senza-categoria\">\r\n    <div class=\"u-nbfc u-borderShadow-xxs u-borderRadius-m border-top-primary\" style=\"background-color: #fcfcfc;\">\r\n        <div class=\"u-text-r-m u-padding-r-all\">\r\n                            <div class=\"Grid Grid--fit u-margin-r-bottom\">\r\n                    <p class=\"Grid-cell\">\r\n                                                    <span class=\"Dot u-background-50\"><\/span>\r\n                            <strong><a href=\"https:\/\/suap.regione.marche.it\/misanevola\/?cat=1\" class=\"u-textClean u-text-r-xs\">Senza categoria<\/a><\/strong>\r\n                        \r\n                                            <\/p>\r\n                <\/div>\r\n            \r\n            <h3 class=\"u-text-h4 u-margin-r-bottom\">\r\n                <a href=\"https:\/\/suap.regione.marche.it\/misanevola\/?p=260\" rel=\"bookmark\" class=\"u-text-h4 u-textClean u-color-black\">VENDITA DI ALCOLICI &#8211; OBBLIGO DI COMUNICAZIONE<\/a>            <\/h3>\r\n\r\n            <div class=\"u-textSecondary u-text-r-xxs\">\r\n                <span class=\"posted-on\">Pubblicato il <a href=\"https:\/\/suap.regione.marche.it\/misanevola\/?p=260\" rel=\"bookmark\"><time class=\"entry-date published updated\" datetime=\"2020-04-23T12:31:03+02:00\">23 Aprile 2020<\/time><\/a><\/span>            <\/div>\r\n\r\n                            <div class=\"u-text-p\"><p>Reintrodotto l\u2019obbligo di denuncia fiscale per le attivit\u00e0 di vendita al dettaglio e somministrazione L&#8217;Agenzia Dogane Monopoli con nota del 20 settembre 2019 ha chiarito che gli esercenti che hanno avviato una attivit\u00e0 di vendita o somministrazione nel periodo intercorrente tra il 29 agosto 2017 e il 29 giugno 2019 sono tenuti a presentare all&#8217;Ufficio [&hellip;]<\/p>\n<\/div>\r\n                    <\/div>\r\n    <\/div>\r\n<\/div>\r\n<div id=\"post-270\" class=\"u-margin-r-bottom post-270 post type-post status-publish format-standard hentry category-senza-categoria\">\r\n    <div class=\"u-nbfc u-borderShadow-xxs u-borderRadius-m border-top-primary\" style=\"background-color: #fcfcfc;\">\r\n        <div class=\"u-text-r-m u-padding-r-all\">\r\n                            <div class=\"Grid Grid--fit u-margin-r-bottom\">\r\n                    <p class=\"Grid-cell\">\r\n                                                    <span class=\"Dot u-background-50\"><\/span>\r\n                            <strong><a href=\"https:\/\/suap.regione.marche.it\/misanevola\/?cat=1\" class=\"u-textClean u-text-r-xs\">Senza categoria<\/a><\/strong>\r\n                        \r\n                                            <\/p>\r\n                <\/div>\r\n            \r\n            <h3 class=\"u-text-h4 u-margin-r-bottom\">\r\n                <a href=\"https:\/\/suap.regione.marche.it\/misanevola\/?p=270\" rel=\"bookmark\" class=\"u-text-h4 u-textClean u-color-black\">AUTORIZZAZIONI GENERALI PER LE EMISSIONI IN ATMOSFERA &#8211; DECRETO DEL PRESIDENTE DELLA PROVINCIA N. 40 DEL 02\/04\/2020<\/a>            <\/h3>\r\n\r\n            <div class=\"u-textSecondary u-text-r-xxs\">\r\n                <span class=\"posted-on\">Pubblicato il <a href=\"https:\/\/suap.regione.marche.it\/misanevola\/?p=270\" rel=\"bookmark\"><time class=\"entry-date published\" datetime=\"2020-04-23T12:30:35+02:00\">23 Aprile 2020<\/time><\/a><\/span>            <\/div>\r\n\r\n                            <div class=\"u-text-p\"><p>D. LGS. 3 APRILE 2006 N\u00b0 152 E SS.MM.II., PARTE QUINTA, ARTICOLO 272 &#8211; AUTORIZZAZIONI GENERALI PER LE EMISSIONI IN ATMOSFERA DERIVANTI DAGLI IMPIANTI E DALLE ATTIVIT\u00c0 RICADENTI NELL&#8217;ELENCO DI CUI ALLA PARTE II DELL&#8217;ALLEGATO IV. MODULISTICA E CONTENUTI TECNICI DI N. 37 ATTIVIT\u00c0. Scarica il decreto<\/p>\n<\/div>\r\n                    <\/div>\r\n    <\/div>\r\n<\/div>\n","protected":false},"excerpt":{"rendered":"","protected":false},"author":1,"featured_media":0,"parent":0,"menu_order":0,"comment_status":"closed","ping_status":"closed","template":"","meta":{"footnotes":""},"class_list":["post-48","page","type-page","status-publish","hentry"],"_links":{"self":[{"href":"https:\/\/suap.regione.marche.it\/misanevola\/index.php?rest_route=\/wp\/v2\/pages\/48","targetHints":{"allow":["GET"]}}],"collection":[{"href":"https:\/\/suap.regione.marche.it\/misanevola\/index.php?rest_route=\/wp\/v2\/pages"}],"about":[{"href":"https:\/\/suap.regione.marche.it\/misanevola\/index.php?rest_route=\/wp\/v2\/types\/page"}],"author":[{"embeddable":true,"href":"https:\/\/suap.regione.marche.it\/misanevola\/index.php?rest_route=\/wp\/v2\/users\/1"}],"replies":[{"embeddable":true,"href":"https:\/\/suap.regione.marche.it\/misanevola\/index.php?rest_route=%2Fwp%2Fv2%2Fcomments&post=48"}],"version-history":[{"count":2,"href":"https:\/\/suap.regione.marche.it\/misanevola\/index.php?rest_route=\/wp\/v2\/pages\/48\/revisions"}],"predecessor-version":[{"id":213,"href":"https:\/\/suap.regione.marche.it\/misanevola\/index.php?rest_route=\/wp\/v2\/pages\/48\/revisions\/213"}],"wp:attachment":[{"href":"https:\/\/suap.regione.marche.it\/misanevola\/index.php?rest_route=%2Fwp%2Fv2%2Fmedia&parent=48"}],"curies":[{"name":"wp","href":"https:\/\/api.w.org\/{rel}","templated":true}]}}