{"id":798,"date":"2018-04-12T17:03:25","date_gmt":"2018-04-12T15:03:25","guid":{"rendered":"http:\/\/maiolatispontini.nuvolaitalsoft.eu\/suap\/?page_id=798"},"modified":"2026-02-04T18:05:51","modified_gmt":"2026-02-04T17:05:51","slug":"diritti-di-segreteria","status":"publish","type":"page","link":"https:\/\/suap.regione.marche.it\/maiolatispontini\/?page_id=798","title":{"rendered":"Diritti di Segreteria"},"content":{"rendered":"<p align=\"center\"><strong><span style=\"color: #000000;\">DIRITTI di ISTRUTTORIA<\/span><\/strong><\/p>\n<p align=\"center\"><strong>relativi ai PROCEDIMENTI di cui al D.P.R. 160\/2010 (PRATICHE SUAP)<\/strong><\/p>\n<p><span lang=\"EN-US\"><strong><span lang=\"IT\" style=\"mso-ansi-language: IT;\">DELIBERA DI GIUNTA n. 29 del 28.02.2020\u00a0<\/span><\/strong><\/span><span style=\"mso-ansi-language: IT;\">\u2013 Istituzione dei diritti di istruttoria relativi alle prestazioni di competenza Ufficio Sportello Unico Attivit\u00e0 Produttive<br \/>\n<\/span>Il versamento degli importi pu\u00f2 essere effettuato con le seguenti modalit\u00e0:<\/p>\n<ol>\n<li>\u00a0c.c.p. n. 16007601 intestato al COMUNE DI MAIOLATI SPONTINI SERVIZIO DI TESORERIA<\/li>\n<li>\u00a0tramite bonifico:<\/li>\n<\/ol>\n<p style=\"margin-left: 40px;\"><span style=\"mso-ansi-language: IT;\">&#8211; bancario SERVIZIO TESORERIA COMUNE DI MAIOLATI SPONTINI<br \/>\n<\/span><strong>IBAN: IT29 U030 6937 3901 0000 0046 010<\/strong><\/p>\n<p style=\"margin-left: 40px;\"><a href=\"https:\/\/suap.regione.marche.it\/wp-content\/uploads\/sites\/18\/2025\/01\/TARIFFE_SUAP_EDILIZIA_E_COMMERCIO.pdf\" target=\"_blank\" rel=\"noopener\"><span style=\"mso-ansi-language: IT;\"><strong><img loading=\"lazy\" decoding=\"async\" class=\"alignnone\" src=\"https:\/\/suap.regione.marche.it\/wp-content\/uploads\/sites\/18\/2018\/10\/pdf_icona.png\" alt=\"\" width=\"18\" height=\"16\" \/><\/strong><\/span><strong>\u00a0 Diritti di Istruttoria<\/strong><\/a><\/p>\n<hr \/>\n<p>&nbsp;<\/p>\n<p style=\"text-align: center;\"><strong>DIRITTI per la Notifica Inizio Attivit\u00e0 settore alimentare<\/strong><\/p>\n<p>Si comunicano i dati per il pagamento dei diritti ASUR:<\/p>\n<p>Versamento tramite bonifico bancario:<\/p>\n<p>IBAN: IT 81D0306902609100000046115<br \/>\nIntestato a Azienda Sanitaria Territoriale di Ancona<br \/>\npresso Banca Intesa San Paolo<\/p>\n<p>indicando come causale: \u201cNotifica Inizio Attivit\u00e0 settore alimentare\u201d seguito dal nome del richiedente o denominazione sociale.<\/p>\n<p>L\u2019IMPORTO dei DIRITTI per la\u00a0Notifica Inizio Attivit\u00e0 settore alimentare \u00e8 pari a\u00a0<u>\u20ac 20,00<\/u><\/p>\n<p><a href=\"https:\/\/suap.regione.marche.it\/wp-content\/uploads\/sites\/18\/2023\/01\/NUOVO_IBAN_NIA.pdf\"><strong><u><img loading=\"lazy\" decoding=\"async\" class=\"alignnone wp-image-858\" src=\"https:\/\/suap.regione.marche.it\/wp-content\/uploads\/sites\/18\/2018\/10\/pdf_icona.png\" alt=\"\" width=\"19\" height=\"23\" \/> Scarica l\u2019allegato di comunicazione<\/u><\/strong><\/a><\/p>\n<hr \/>\n<p><a href=\"http:\/\/maiolatispontini.nuvolaitalsoft.eu\/sue\/wp-content\/uploads\/sites\/3\/2026\/02\/2026_TABELLA_ADEGUAMENTO_COSTO_COSTRUZIONE.pdf\"><img loading=\"lazy\" decoding=\"async\" class=\"alignnone size-full wp-image-858\" src=\"https:\/\/suap.regione.marche.it\/maiolatispontini\/wp-content\/uploads\/sites\/18\/2018\/10\/pdf_icona.png\" alt=\"\" width=\"27\" height=\"32\" \/>Adeguamento Costi Costruzione anno 2026<\/a><\/p>\n","protected":false},"excerpt":{"rendered":"<p>DIRITTI di ISTRUTTORIA relativi ai PROCEDIMENTI di cui al D.P.R. 160\/2010 (PRATICHE SUAP) DELIBERA DI GIUNTA n. 29 del 28.02.2020\u00a0\u2013 Istituzione dei diritti di istruttoria relativi alle prestazioni di competenza Ufficio Sportello Unico Attivit\u00e0 Produttive Il versamento degli importi pu\u00f2 essere effettuato con le seguenti modalit\u00e0: \u00a0c.c.p. n. 16007601 intestato al COMUNE DI MAIOLATI SPONTINI [&hellip;]<\/p>\n","protected":false},"author":1,"featured_media":0,"parent":0,"menu_order":0,"comment_status":"closed","ping_status":"closed","template":"","meta":{"footnotes":""},"class_list":["post-798","page","type-page","status-publish","hentry"],"_links":{"self":[{"href":"https:\/\/suap.regione.marche.it\/maiolatispontini\/index.php?rest_route=\/wp\/v2\/pages\/798","targetHints":{"allow":["GET"]}}],"collection":[{"href":"https:\/\/suap.regione.marche.it\/maiolatispontini\/index.php?rest_route=\/wp\/v2\/pages"}],"about":[{"href":"https:\/\/suap.regione.marche.it\/maiolatispontini\/index.php?rest_route=\/wp\/v2\/types\/page"}],"author":[{"embeddable":true,"href":"https:\/\/suap.regione.marche.it\/maiolatispontini\/index.php?rest_route=\/wp\/v2\/users\/1"}],"replies":[{"embeddable":true,"href":"https:\/\/suap.regione.marche.it\/maiolatispontini\/index.php?rest_route=%2Fwp%2Fv2%2Fcomments&post=798"}],"version-history":[{"count":23,"href":"https:\/\/suap.regione.marche.it\/maiolatispontini\/index.php?rest_route=\/wp\/v2\/pages\/798\/revisions"}],"predecessor-version":[{"id":1032,"href":"https:\/\/suap.regione.marche.it\/maiolatispontini\/index.php?rest_route=\/wp\/v2\/pages\/798\/revisions\/1032"}],"wp:attachment":[{"href":"https:\/\/suap.regione.marche.it\/maiolatispontini\/index.php?rest_route=%2Fwp%2Fv2%2Fmedia&parent=798"}],"curies":[{"name":"wp","href":"https:\/\/api.w.org\/{rel}","templated":true}]}}