{"id":769,"date":"2018-04-12T16:39:48","date_gmt":"2018-04-12T14:39:48","guid":{"rendered":"http:\/\/maiolatispontini.nuvolaitalsoft.eu\/suap\/?page_id=769"},"modified":"2023-06-13T11:37:50","modified_gmt":"2023-06-13T09:37:50","slug":"home","status":"publish","type":"page","link":"https:\/\/suap.regione.marche.it\/maiolatispontini\/","title":{"rendered":"Home"},"content":{"rendered":"<p>D. LGS. 3 APRILE 2006 N\u00b0 152 E SS.MM.II., PARTE QUINTA, ARTICOLO 272 &#8211; AUTORIZZAZIONI GENERALI PER LE EMISSIONI IN ATMOSFERA DERIVANTI DAGLI IMPIANTI E DALLE ATTIVIT\u00c0 RICADENTI NELL&#8217;ELENCO DI CUI ALLA PARTE II DELL&#8217;ALLEGATO IV. MODULISTICA E CONTENUTI TECNICI DI N. 37 ATTIVIT\u00c0.<br \/>\n<a href=\"https:\/\/suap.regione.marche.it\/wp-content\/uploads\/sites\/18\/2020\/04\/decreto-presidente-provincia-emissioni-in-atmosfera.pdf\" target=\"_blank\" rel=\"noopener\"><span style=\"font-size: 14px;\"><span style=\"font-family: arial,helvetica,sans-serif;\"><strong><img loading=\"lazy\" decoding=\"async\" src=\"https:\/\/suap.regione.marche.it\/wp-content\/uploads\/sites\/18\/2018\/10\/pdf_icona.png\" alt=\"\" width=\"26\" height=\"23\" \/> <\/strong><\/span><\/span><strong>Scarica il decreto<\/strong><\/a><\/p>\n<p>&nbsp;<\/p>\n<p>SCIA degli stabilimenti del settore alimentare primario e post primario <a href=\"https:\/\/suap.regione.marche.it\/wp-content\/uploads\/sites\/18\/2018\/03\/DGR0158_18.pdf\">D.G.R. n. 158 del 19\/02\/2018<\/a> CHIARIMENTI E NUOVI IMPORTI PER I DIRITTI: \u20ac 20,00<\/p>\n<p>La Giunta Regionale, con D.G.R. 1278 del 30 ottobre 2017, ha approvato alcune modifiche all\u2019art. 28 del Piano di Tutela delle Acque della Regione Marche.<br \/>\nIn particolare, il nuovo art. 28 dispone che gli scarichi delle acque reflue assimilate alle domestiche:<br \/>\na) al di fuori della pubblica fognatura, restano assoggettati ad autorizzazione, ai sensi dell\u2019art. 124, c. 1 del D.lgs 152\/2006 e ad A.U.A. nei casi di applicazione delle disposizioni del D.P.R. 59\/2013;<br \/>\nb) in pubblica fognatura sono ammessi, previa comunicazione presentata al SUAP, resa sotto forma di dichiarazione sostitutiva di atto di notoriet\u00e0 e nel rispetto dei regolamenti del Servizio Idrico Integrato. In caso di attivit\u00e0 che necessitano dell\u2019A.U.A. per altri titoli ambientali di cui all\u2019art 3, c. 1 del D.P.R. 59\/2013 la dichiarazione per lo scarico deve essere ricompresa nell\u2019AUA.<br \/>\nRestano invariati i criteri di assimilazione, definiti dal comma 5 dell\u2019art. 28 Piano di Tutela delle Acque della Regione Marche.<\/p>\n<p><a href=\"https:\/\/suap.regione.marche.it\/wp-content\/uploads\/sites\/18\/2017\/12\/art-28PTAMarche.docx\">link all&#8217;art. 28 come modificato dalla D.G.R. 1278 del 30 ottobre 2017<\/a><\/p>\n<p><a href=\"https:\/\/suap.regione.marche.it\/wp-content\/uploads\/sites\/18\/2017\/12\/DGR1278_17.pdf\">D.G.R.1278 del 30 ottobre 2017<\/a><\/p>\n<div style=\"text-align: justify;\"><\/div>\n<div style=\"text-align: justify;\">Lo <strong>Sportello Unico per le Attivit\u00e0 Produttive<\/strong> &#8211; SUAP \u00e8 uno strumento di semplificazione amministrativa con il fine di snellire i rapporti tra Pubblica Amministrazione (P.A.) ed utenza.<\/div>\n<div style=\"text-align: justify;\"><\/div>\n<div style=\"text-align: justify;\"><span class=\"Apple-style-span\" style=\"font-weight: normal;\">Con l\u2019entrata in vigore del nuovo <\/span><strong>DPR\u00a0n. 160<\/strong>\u00a0<strong>del 7 settembre 2010 <\/strong>\u00a0viene adottato il <em>Regolamento per la semplificazione ed il riordino della disciplina sullo Sportello Unico per le Attivit\u00e0 Produttive<\/em> che stabilisce che ogni pratica deve essere presentata esclusivamente in modalit\u00e0 telematica e deve essere gestita telematicamente garantendo l\u2019interoperabilit\u00e0 tra i vari soggetti pubblici.<\/div>\n<div style=\"text-align: justify;\"><\/div>\n<div style=\"text-align: justify;\">A seguito dell&#8217;accredito al Ministero per lo Sviluppo Economico dei Comuni aderenti al <strong>SUAP<\/strong>,\u00a0le pratiche inerenti le attivit\u00e0 produttive\u00a0comprese quelle riguardanti l&#8217;edilizia produttiva dovranno pervenire esclusivamente presso la sede del SUAP.<\/div>\n<div><\/div>\n<p>&nbsp;<\/p>\n<div style=\"text-align: justify;\"><u style=\"font-weight: bold;\">Dal 01 marzo 2020 l&#8217;unica modalit\u00e0 di trasmissione consentita all&#8217;invio delle pratiche \u00e8 quella telematica pena l&#8217;inammissibilit\u00e0 della stessa<\/u><b>.<\/b><\/div>\n<div style=\"text-align: justify;\"><\/div>\n<p>&nbsp;<\/p>\n<div><strong>Le pratiche inviate alla casella di posta elettronica certificata saranno rifiutate e la ricevuta generata automaticamente dal gestore della casella non produrr\u00e0 alcun effetto amministrativo ai fini dello svolgimento dell&#8217;attivit\u00e0 d&#8217;impresa.<\/strong><\/div>\n<div><\/div>\n<p>&nbsp;<\/p>\n<div style=\"text-align: justify;\"><strong>AVVISO:<\/strong><b><br \/>\nPer un corretto utilizzo dei modelli AUA consultare <\/b><\/div>\n<div style=\"text-align: justify;\"><a href=\"http:\/\/www.provincia.ancona.it\/Engine\/RAServePG.php\/P\/949510030371\/T\/Autorizzazione-unica-ambientale\" target=\"_blank\" rel=\"noopener\"><b>http:\/\/www.provincia.ancona.it\/Engine\/RAServePG.php\/P\/949510030371\/T\/Autorizzazione-unica-ambientale<\/b><br \/>\n<\/a><\/div>\n<div style=\"text-align: justify;\"><\/div>\n<p class=\"MsoNormal\" style=\"text-align: center;\" align=\"center\">_________________________<\/p>\n<p class=\"MsoNormal\" style=\"text-align: center;\" align=\"center\"><span style=\"font-size: 20px;\"><strong><span style=\"color: #ff0000;\"><span style=\"font-family: arial,helvetica,sans-serif;\">Legge di innovazione e semplificazione amministrativa<\/span><\/span><\/strong><\/span><\/p>\n<p style=\"text-align: center;\"><span style=\"font-size: 18px;\"><span style=\"font-family: arial,helvetica,sans-serif;\">Approvata la Legge Regionale <\/span><\/span><span style=\"font-size: 18px;\"><span style=\"font-family: arial,helvetica,sans-serif;\">16 febbraio 2015, n. 3<\/span><\/span><\/p>\n<p style=\"text-align: center;\"><span style=\"font-size: 18px;\"><span style=\"font-family: arial,helvetica,sans-serif;\">L&#8217;art. 41 definisce una\u00a0 <\/span><a href=\"https:\/\/suap.regione.marche.it\/wp-content\/uploads\/sites\/18\/file\/LEGGE%20REGIONALE%2016%20febbraio%202015art%2041.pdf\"><span style=\"color: #ff0000;\"><strong><i>Riduzione dei termini dei procedimenti <\/i><\/strong><\/span><\/a><span style=\"font-family: arial,helvetica,sans-serif;\">inerenti allo Sportello Unico per le Attivit\u00e0 Produttive<\/span><\/span><\/p>\n<p style=\"text-align: center;\"><span style=\"font-family: arial,helvetica,sans-serif;\"><span style=\"font-size: 18px;\">L&#8217;art. 34 introduce la disciplina di attuazione dell&#8217;art. 8 d.p.r. 160\/2010 <\/span><\/span><\/p>\n<p style=\"text-align: center;\"><span style=\"font-family: arial,helvetica,sans-serif;\"><span style=\"font-size: 18px;\">(<em><a href=\"https:\/\/suap.regione.marche.it\/wp-content\/uploads\/sites\/18\/file\/LEGGE%20REGIONALE%2016%20febbraio%202015art%2034.pdf\"><span style=\"color: #f00;\"><strong>Progetti inerenti al SUAP comportanti la variazione dello strumento urbanistico<\/strong><\/span><\/a><\/em>)<\/span><\/span><\/p>\n<p style=\"text-align: center;\"><span style=\"font-family: arial,helvetica,sans-serif;\"><span style=\"font-size: 18px;\">aggiungendo l&#8217;art. 26-quater alla l.r. 34\/1992<\/span><\/span><\/p>\n<div style=\"text-align: justify;\">\n<p class=\"MsoNormal\" style=\"text-align: center;\" align=\"center\">_________________________<\/p>\n<p class=\"MsoNormal\" style=\"text-align: center;\" align=\"center\"><span style=\"font-size: 14.0pt; mso-ansi-language: IT;\">La <b style=\"mso-bidi-font-weight: &lt;br \/&gt;normal;\"><span style=\"color: red;\">NIA<\/span><\/b> per la registrazione degli stabilimenti del settore alimentare<\/span><\/p>\n<p class=\"MsoNormal\" style=\"text-align: center;\" align=\"center\"><span style=\"font-size: 14.0pt; mso-ansi-language: IT;\">dovr\u00e0 essere presentata <b style=\"mso-bidi-font-weight: normal;\"><span style=\"color: red;\">ON-LINE<\/span><\/b> al SUAP del Comune nel quale ha sede lo stabilimento da registrare<\/span><\/p>\n<ul>\n<li><span lang=\"EN-US\"><a href=\"http:\/\/impresa.regione.marche.it\/Portals\/0\/Documenti%20marco\/Suap%20Modulistica\/Tavoli%20permanenti\/TAV%20PERM\/Esiti%20tav%2025-3%20ddpf_n.156-2013.pdf\"><strong><span lang=\"IT\" style=\"mso-ansi-language: IT;\">DDPF n. 156 del 25.11.2013<\/span><\/strong><\/a><\/span><span style=\"mso-ansi-language: IT;\"> &#8211;\u00a0Sicurezza alimentare \u2013 registrazione degli stabilimenti del settore alimentare post primario ai sensi dei Reg. CE 852104 e della DGRM n. 2232 del 28 dicembre 2009; modifica delle procedure<\/span><\/li>\n<li><span style=\"font-size: 14px;\">Il procedimetno \u00e8 attivabile dalla SEZIONE<\/span> <a href=\"https:\/\/suap.regione.marche.it\/maiolatispontini\/?page_id=720\">Procedimento Automatizzato<\/a> <strong><span style=\"color: #f00;\">SETTORE ALIMENTARE <\/span><\/strong><span style=\"color: #(color);\"><span style=\"font-size: 14px;\">o all&#8217;interno dei singoli procedimenti di settore <span style=\"font-size: 12px;\">(es. COMMERCIO IN SEDE FISSA, SOMMINISTRAZIONE ALIMENTI E BEVANDE, ECC)<\/span><\/span><\/span><\/li>\n<\/ul>\n<\/div>\n<p>&nbsp;<\/p>\n<div style=\"text-align: justify;\"><\/div>\n<div style=\"text-align: justify;\"><\/div>\n","protected":false},"excerpt":{"rendered":"<p>D. LGS. 3 APRILE 2006 N\u00b0 152 E SS.MM.II., PARTE QUINTA, ARTICOLO 272 &#8211; AUTORIZZAZIONI GENERALI PER LE EMISSIONI IN ATMOSFERA DERIVANTI DAGLI IMPIANTI E DALLE ATTIVIT\u00c0 RICADENTI NELL&#8217;ELENCO DI CUI ALLA PARTE II DELL&#8217;ALLEGATO IV. MODULISTICA E CONTENUTI TECNICI DI N. 37 ATTIVIT\u00c0. Scarica il decreto &nbsp; SCIA degli stabilimenti del settore alimentare primario [&hellip;]<\/p>\n","protected":false},"author":1,"featured_media":0,"parent":0,"menu_order":0,"comment_status":"closed","ping_status":"closed","template":"","meta":{"footnotes":""},"class_list":["post-769","page","type-page","status-publish","hentry"],"_links":{"self":[{"href":"https:\/\/suap.regione.marche.it\/maiolatispontini\/index.php?rest_route=\/wp\/v2\/pages\/769","targetHints":{"allow":["GET"]}}],"collection":[{"href":"https:\/\/suap.regione.marche.it\/maiolatispontini\/index.php?rest_route=\/wp\/v2\/pages"}],"about":[{"href":"https:\/\/suap.regione.marche.it\/maiolatispontini\/index.php?rest_route=\/wp\/v2\/types\/page"}],"author":[{"embeddable":true,"href":"https:\/\/suap.regione.marche.it\/maiolatispontini\/index.php?rest_route=\/wp\/v2\/users\/1"}],"replies":[{"embeddable":true,"href":"https:\/\/suap.regione.marche.it\/maiolatispontini\/index.php?rest_route=%2Fwp%2Fv2%2Fcomments&post=769"}],"version-history":[{"count":19,"href":"https:\/\/suap.regione.marche.it\/maiolatispontini\/index.php?rest_route=\/wp\/v2\/pages\/769\/revisions"}],"predecessor-version":[{"id":971,"href":"https:\/\/suap.regione.marche.it\/maiolatispontini\/index.php?rest_route=\/wp\/v2\/pages\/769\/revisions\/971"}],"wp:attachment":[{"href":"https:\/\/suap.regione.marche.it\/maiolatispontini\/index.php?rest_route=%2Fwp%2Fv2%2Fmedia&parent=769"}],"curies":[{"name":"wp","href":"https:\/\/api.w.org\/{rel}","templated":true}]}}