{"id":748,"date":"2018-04-12T15:55:46","date_gmt":"2018-04-12T13:55:46","guid":{"rendered":"http:\/\/maiolatispontini.nuvolaitalsoft.eu\/suap\/?page_id=748"},"modified":"2026-03-05T17:09:14","modified_gmt":"2026-03-05T16:09:14","slug":"help-desk","status":"publish","type":"page","link":"https:\/\/suap.regione.marche.it\/maiolatispontini\/?page_id=748","title":{"rendered":"Help Desk"},"content":{"rendered":"<p><strong>Il servizio di Help Desk alla compilazione online delle pratiche viene espletato mediante:<\/strong><\/p>\n<ul>\n<li>Help Desk telefonico:\u00a0<strong>0733 280140<\/strong><\/li>\n<li>L\u2019invio di un ticket all\u2019indirizzo\u00a0<a href=\"mailto:assistenza.suap@sinp.net\">assistenza.suap@sinp.net<\/a><\/li>\n<\/ul>\n<p><span data-teams=\"true\"><strong>Orario:<\/strong><br \/>\nDal\u00a0<strong>Lunedi<\/strong>\u2018 al\u00a0<strong>Venerdi\u2019<\/strong><br \/>\n<strong>08:30-13:30<\/strong><br \/>\n<strong>15:00-17:00<\/strong><br \/>\nGiorni lavorativi (festivita\u2019 escluse)<\/span><\/p>\n<p>&nbsp;<\/p>\n<h3><strong>Accesso al portale<\/strong><\/h3>\n<p>L\u2019accesso al portale pu\u00f2 essere fatto con SPID, oppure tramite Cohesion cliccando su <strong>Accedi con SPID\/CIE\/CNS\/Cohesion<\/strong>.<\/p>\n<p>&nbsp;<\/p>\n<h3><strong>SPID<\/strong><\/h3>\n<p>Maggiori informazioni su come richiedere SPID si trovano <a href=\"https:\/\/www.agid.gov.it\/it\/spid-come-ottenere-identit%C3%A0-digitale\">QUI<\/a>.<\/p>\n<p>&nbsp;<\/p>\n<h3><strong>Cohesion<\/strong><\/h3>\n<p>Per accedere al portale tramite Cohesion si pu\u00f2 utilizzare una Smart Card (TsCns, Carta Raffaello, CNS o CIE). Se non possiede una Smart Card valida, l\u2019utente pu\u00f2 rivolgersi alla Regione Marche e richiedere un PIN che permetter\u00e0 l\u2019accesso al portale. I contatti di riferimento possono essere trovati <a href=\"https:\/\/www.regione.marche.it\/Regione-Utile\/Agenda-Digitale\/Cittadinanza-digitale\/Sportelli-TSCNS\">QUI<\/a>.<\/p>\n<h3><\/h3>\n<p>&nbsp;<\/p>\n<h3><strong>ATTENZIONE!<\/strong><\/h3>\n<p>Requisiti minimi per poter utilizzare il portale online:<\/p>\n<p>&nbsp;<\/p>\n<h3><strong>Browser<\/strong><\/h3>\n<p>Le pratiche possono essere compilate utilizzando uno dei seguenti browser:<\/p>\n<ul>\n<li>Mozilla Firefox (versione 33.0 o successive)<\/li>\n<li>Internet Explorer (versione 10.0 o successive)<\/li>\n<li>Google Chrome (versione 37.0 o successive)<\/li>\n<li>Edge (versione 25.1 o successive)<\/li>\n<li>Safari (versione 8.0 o successive)<\/li>\n<\/ul>\n<p>&nbsp;<\/p>\n<h3><strong>Software per la compilazione dei pdf<\/strong><\/h3>\n<p>Per la compilazione dei pdf editabili presenti nei procedimenti online \u00e8 necessario l&#8217;utilizzo di Acrobat Reader. L&#8217;apertura dei pdf editabili tramite le funzionalit\u00e0 di anteprima dei browser possono non salvare correttamente i dati inseriti. Per scaricare Acrobat cliccare <a href=\"https:\/\/get.adobe.com\/it\/reader\/\" target=\"_blank\" rel=\"noopener\">QUI<\/a>.<\/p>\n<h3><\/h3>\n<h3><strong>Gestione dei PopUp<\/strong><\/h3>\n<p>Quando i modelli da scarica non vengono aperti potrebbe essere un problema di blocco dei popup: <a href=\"https:\/\/support.google.com\/toolbar\/answer\/9171?hl=it\">guarda la guida di google<\/a>.<\/p>\n<p>&nbsp;<\/p>\n<h3><strong>Firma Digitale<\/strong><\/h3>\n<p>Alcuni documenti\/allegati delle pratiche richiedono la firma digitale. Per questo, \u00e8 necessario dotarsi dei seguenti strumenti:<\/p>\n<ul>\n<li>firma digitale<\/li>\n<li>casella PEC (posta elettronica certificata)<\/li>\n<\/ul>\n<p>La verifica di compatibilit\u00e0 della firma digitale con il sistema del portale \u00e8 possibile tramite:<\/p>\n<ul>\n<li><a href=\"https:\/\/vol.actalis.it\/volCertif\/\">actalis <\/a><\/li>\n<li><a href=\"https:\/\/sws.firmacerta.it\/SignEngineWeb\/verifier.xhtml\">firmacerta<\/a><\/li>\n<\/ul>\n<p><a href=\"http:\/\/youtu.be\/F0qrZ2Tsods?list=PLRMIInAl4vcMHnB0vfiWQ8QDOAHC9Vhyf\">Video Corso<\/a><\/p>\n<h3><\/h3>\n<p>&nbsp;<\/p>\n<h3><strong>Software per la firma digitale <\/strong><\/h3>\n<p>La firma digitale pu\u00f2 essere acquisita tramite uno dei fornitori indicati <a href=\"https:\/\/www.agid.gov.it\/piattaforme\/firma-elettronica-qualificata\/prestatori-di-servizi-fiduciari-attivi-in-italia\">QUI<\/a>.<\/p>\n<p>&nbsp;<\/p>\n<h3><strong>Hardware per la procedura di firma digitale<\/strong><\/h3>\n<p>\u00c8 necessario avere anche un lettore Smart Card che \u00e8 un dispositivo che permette l\u2019applicazione della firma digitale.<\/p>\n<p>&nbsp;<\/p>\n<h3><strong>Software per la creazione dei pdf<\/strong><\/h3>\n<p>Gli allegati alle pratiche del portale devono contenere principalmente l\u2019estensione pdf. Per questo motivo, prima di caricare dei documenti all\u2019interno del portale \u00e8 necessario assicurarsi che essi siano gi\u00e0 in formato pdf (ovvero che la loro estensione risulti .pdf). Nel caso abbiano altra estensione, \u00e8 necessario convertirli in pdf.<\/p>\n<p>Per la conversione di un documento in pdf, \u00e8 possibile utilizzare il seguente programma: <a href=\"https:\/\/sourceforge.net\/projects\/pdfcreator\/files\/latest\/download\">PDF CREATOR<\/a> (Programma per la creazione\/conversione dei file in formato <u>pdf\/a-2b<\/u>)<\/p>\n<p>&nbsp;<\/p>\n<h3><strong>Software per collegamento remoto<\/strong><\/h3>\n<p>Per facilitare l\u2019assistenza, utilizziamo il programma di collegamento remoto \u201cAnyDesk\u201d che permette il nostro accesso remoto al computer dell\u2019utente. Il programma \u00e8 scaricabile gratuitamente <a href=\"https:\/\/anydesk.com\/it\/downloads\/thank-you?dv=win_exe\" target=\"_blank\" rel=\"noopener\">QUI<\/a>, cliccando sul tasto \u201cscarica ora\u201d.<\/p>\n<p>&nbsp;<\/p>\n<h3>Accesso al servizio online<\/h3>\n<p>L&#8217;accesso \u00e8 valido per tutti i Comuni dell&#8217;Unione e della gestione Associata.<\/p>\n<p>&nbsp;<\/p>\n<h3>Guida PDF Front Office<\/h3>\n<p>File contenente la guida sul funzionamento del portale <a href=\"https:\/\/suap.regione.marche.it\/maiolatispontini\/wp-content\/uploads\/sites\/18\/2025\/10\/nuova_guida_allo_sportello.pdf\" target=\"_blank\" rel=\"noopener\"><img loading=\"lazy\" decoding=\"async\" class=\"alignnone\" src=\"https:\/\/suap.regione.marche.it\/wp-content\/uploads\/sites\/18\/2018\/10\/pdf_icona.png\" alt=\"\" width=\"20\" height=\"18\" \/><\/a><\/p>\n","protected":false},"excerpt":{"rendered":"<p>Il servizio di Help Desk alla compilazione online delle pratiche viene espletato mediante: Help Desk telefonico:\u00a00733 280140 L\u2019invio di un ticket all\u2019indirizzo\u00a0assistenza.suap@sinp.net Orario: Dal\u00a0Lunedi\u2018 al\u00a0Venerdi\u2019 08:30-13:30 15:00-17:00 Giorni lavorativi (festivita\u2019 escluse) &nbsp; Accesso al portale L\u2019accesso al portale pu\u00f2 essere fatto con SPID, oppure tramite Cohesion cliccando su Accedi con SPID\/CIE\/CNS\/Cohesion. &nbsp; SPID Maggiori informazioni [&hellip;]<\/p>\n","protected":false},"author":1,"featured_media":0,"parent":0,"menu_order":0,"comment_status":"closed","ping_status":"closed","template":"","meta":{"footnotes":""},"class_list":["post-748","page","type-page","status-publish","hentry"],"_links":{"self":[{"href":"https:\/\/suap.regione.marche.it\/maiolatispontini\/index.php?rest_route=\/wp\/v2\/pages\/748","targetHints":{"allow":["GET"]}}],"collection":[{"href":"https:\/\/suap.regione.marche.it\/maiolatispontini\/index.php?rest_route=\/wp\/v2\/pages"}],"about":[{"href":"https:\/\/suap.regione.marche.it\/maiolatispontini\/index.php?rest_route=\/wp\/v2\/types\/page"}],"author":[{"embeddable":true,"href":"https:\/\/suap.regione.marche.it\/maiolatispontini\/index.php?rest_route=\/wp\/v2\/users\/1"}],"replies":[{"embeddable":true,"href":"https:\/\/suap.regione.marche.it\/maiolatispontini\/index.php?rest_route=%2Fwp%2Fv2%2Fcomments&post=748"}],"version-history":[{"count":23,"href":"https:\/\/suap.regione.marche.it\/maiolatispontini\/index.php?rest_route=\/wp\/v2\/pages\/748\/revisions"}],"predecessor-version":[{"id":1033,"href":"https:\/\/suap.regione.marche.it\/maiolatispontini\/index.php?rest_route=\/wp\/v2\/pages\/748\/revisions\/1033"}],"wp:attachment":[{"href":"https:\/\/suap.regione.marche.it\/maiolatispontini\/index.php?rest_route=%2Fwp%2Fv2%2Fmedia&parent=748"}],"curies":[{"name":"wp","href":"https:\/\/api.w.org\/{rel}","templated":true}]}}