{"id":429,"date":"2018-08-07T11:27:13","date_gmt":"2018-08-07T09:27:13","guid":{"rendered":"http:\/\/genga.nuvolaitalsoft.eu\/suap\/?page_id=429"},"modified":"2022-08-26T12:36:40","modified_gmt":"2022-08-26T10:36:40","slug":"home","status":"publish","type":"page","link":"https:\/\/suap.regione.marche.it\/genga\/","title":{"rendered":"Home"},"content":{"rendered":"<p style=\"text-align: center;\"><span style=\"text-decoration: underline; font-size: 14pt; color: #ff0000;\"><strong>AVVISO<\/strong><\/span><\/p>\n<p style=\"text-align: center;\"><span style=\"color: #ff0000;\"><strong>Per le SCIA per Somministrazione Alimenti e Bevande temporanee e le SCIA per pubblico spettacolo temporanee (manifestazioni\/eventi) \u00e8 necessario presentare istanza online almeno 20 giorni prima dello svolgimento\/inizio della manifestazione\/evento.<\/strong><\/span><\/p>\n<p style=\"text-align: center;\">_________________________________<\/p>\n<p>Lo <strong>Sportello Unico per le Attivit\u00e0 Produttive<\/strong> &#8211; SUAP \u00e8 uno strumento di semplificazione amministrativa con il fine di snellire i rapporti tra Pubblica Amministrazione (P.A.) ed utenza.<\/p>\n<p>Con l\u2019entrata in vigore del nuovo <strong>DPR\u00a0n. 160<\/strong>\u00a0<strong>del 7 settembre 2010 <\/strong>\u00a0viene adottato il <em>Regolamento per la semplificazione ed il riordino della disciplina sullo Sportello Unico per le Attivit\u00e0 Produttive<\/em> che stabilisce che ogni pratica deve essere presentata esclusivamente in modalit\u00e0 telematica e deve essere gestita telematicamente garantendo l\u2019interoperabilit\u00e0 tra i vari soggetti pubblici.<\/p>\n<p>A seguito dell&#8217;accredito al Ministero per lo Sviluppo Economico del Comune di Genga,\u00a0le pratiche inerenti le attivit\u00e0 produttive\u00a0comprese quelle riguardanti l&#8217;edilizia produttiva dovranno pervenire esclusivamente presso la sede del Comune.<\/p>\n<p>L&#8217;unica modalit\u00e0 di trasmissione consentita all&#8217;invio delle pratiche \u00e8 quella telematica pena l&#8217;inammissibilit\u00e0 della stessa<b>.<\/b><\/p>\n<p>Le pratiche dovranno essere firmate digitalmente e fatte pervenire utilizzando il\u00a0servizio di presentazione online della pratica.<\/p>\n","protected":false},"excerpt":{"rendered":"<p>AVVISO Per le SCIA per Somministrazione Alimenti e Bevande temporanee e le SCIA per pubblico spettacolo temporanee (manifestazioni\/eventi) \u00e8 necessario presentare istanza online almeno 20 giorni prima dello svolgimento\/inizio della manifestazione\/evento. _________________________________ Lo Sportello Unico per le Attivit\u00e0 Produttive &#8211; SUAP \u00e8 uno strumento di semplificazione amministrativa con il fine di snellire i rapporti tra [&hellip;]<\/p>\n","protected":false},"author":1,"featured_media":0,"parent":0,"menu_order":0,"comment_status":"closed","ping_status":"closed","template":"","meta":{"footnotes":""},"class_list":["post-429","page","type-page","status-publish","hentry"],"_links":{"self":[{"href":"https:\/\/suap.regione.marche.it\/genga\/index.php?rest_route=\/wp\/v2\/pages\/429","targetHints":{"allow":["GET"]}}],"collection":[{"href":"https:\/\/suap.regione.marche.it\/genga\/index.php?rest_route=\/wp\/v2\/pages"}],"about":[{"href":"https:\/\/suap.regione.marche.it\/genga\/index.php?rest_route=\/wp\/v2\/types\/page"}],"author":[{"embeddable":true,"href":"https:\/\/suap.regione.marche.it\/genga\/index.php?rest_route=\/wp\/v2\/users\/1"}],"replies":[{"embeddable":true,"href":"https:\/\/suap.regione.marche.it\/genga\/index.php?rest_route=%2Fwp%2Fv2%2Fcomments&post=429"}],"version-history":[{"count":11,"href":"https:\/\/suap.regione.marche.it\/genga\/index.php?rest_route=\/wp\/v2\/pages\/429\/revisions"}],"predecessor-version":[{"id":882,"href":"https:\/\/suap.regione.marche.it\/genga\/index.php?rest_route=\/wp\/v2\/pages\/429\/revisions\/882"}],"wp:attachment":[{"href":"https:\/\/suap.regione.marche.it\/genga\/index.php?rest_route=%2Fwp%2Fv2%2Fmedia&parent=429"}],"curies":[{"name":"wp","href":"https:\/\/api.w.org\/{rel}","templated":true}]}}