{"id":23,"date":"2015-09-09T16:46:09","date_gmt":"2015-09-09T14:46:09","guid":{"rendered":"http:\/\/suap.comune.chiaravalle.an.it\/suap\/?page_id=23"},"modified":"2022-07-01T17:30:38","modified_gmt":"2022-07-01T15:30:38","slug":"home-suap","status":"publish","type":"page","link":"https:\/\/suap.regione.marche.it\/chiaravalle\/","title":{"rendered":"Home"},"content":{"rendered":"<p><strong>Dal 28 febbraio 2021 non \u00e8 pi\u00f9 consentita la registrazione al portale con nome utente e password.<br \/>\nL&#8217;accesso \u00e8 consentito solo con SPID, CNS, CIE cliccando su Accedi con Cohesion.<\/strong><br \/>\n<strong>L&#8217;accesso con nome utente e password \u00e8 comunque consentito fino al 30 settembre 2021.<\/strong><\/p>\n<p>Lo <strong>Sportello Unico per le Attivit\u00e0 Produttive<\/strong> &#8211; SUAP \u00e8 uno strumento di semplificazione amministrativa con il fine di snellire i rapporti tra Pubblica Amministrazione (P.A.) ed utenza.<\/p>\n<p>Con l\u2019entrata in vigore del nuovo <strong>DPR\u00a0n. 160\u00a0del 7 settembre 2010<\/strong> viene adottato il <em>Regolamento per la semplificazione ed il riordino della disciplina sullo Sportello Unico per le Attivit\u00e0 Produttive<\/em> che stabilisce che ogni pratica deve essere presentata esclusivamente in modalit\u00e0 telematica e deve essere gestita telematicamente garantendo l\u2019interoperabilit\u00e0 tra i vari soggetti pubblici.<\/p>\n<p>A seguito dell&#8217;accredito al Ministero per lo Sviluppo Economico dei Comuni aderenti al <strong>SUAP di Chiaravalle<\/strong>,\u00a0le pratiche inerenti le attivit\u00e0 produttive\u00a0comprese quelle riguardanti l&#8217;edilizia produttiva dovranno pervenire esclusivamente presso la sede del SUAP di Chiaravalle.<\/p>\n<p>I Comuni aderenti al SUAP sono: <strong>Comune di Chiaravalle e Comune di Camerata Picena<\/strong><\/p>\n<p>L&#8217;unica modalit\u00e0 di trasmissione consentita all&#8217;invio delle pratiche \u00e8 quella telematica pena l&#8217;inammissibilit\u00e0 della stessa.<\/p>\n<p>Le pratiche dovranno essere firmate digitalmente e fatte pervenire utilizzando il servizio di presentazione online della pratica.<\/p>\n","protected":false},"excerpt":{"rendered":"<p>Dal 28 febbraio 2021 non \u00e8 pi\u00f9 consentita la registrazione al portale con nome utente e password. L&#8217;accesso \u00e8 consentito solo con SPID, CNS, CIE cliccando su Accedi con Cohesion. L&#8217;accesso con nome utente e password \u00e8 comunque consentito fino al 30 settembre 2021. Lo Sportello Unico per le Attivit\u00e0 Produttive &#8211; SUAP \u00e8 uno [&hellip;]<\/p>\n","protected":false},"author":1,"featured_media":0,"parent":0,"menu_order":0,"comment_status":"closed","ping_status":"closed","template":"","meta":{"footnotes":""},"class_list":["post-23","page","type-page","status-publish","hentry"],"_links":{"self":[{"href":"https:\/\/suap.regione.marche.it\/chiaravalle\/index.php?rest_route=\/wp\/v2\/pages\/23","targetHints":{"allow":["GET"]}}],"collection":[{"href":"https:\/\/suap.regione.marche.it\/chiaravalle\/index.php?rest_route=\/wp\/v2\/pages"}],"about":[{"href":"https:\/\/suap.regione.marche.it\/chiaravalle\/index.php?rest_route=\/wp\/v2\/types\/page"}],"author":[{"embeddable":true,"href":"https:\/\/suap.regione.marche.it\/chiaravalle\/index.php?rest_route=\/wp\/v2\/users\/1"}],"replies":[{"embeddable":true,"href":"https:\/\/suap.regione.marche.it\/chiaravalle\/index.php?rest_route=%2Fwp%2Fv2%2Fcomments&post=23"}],"version-history":[{"count":20,"href":"https:\/\/suap.regione.marche.it\/chiaravalle\/index.php?rest_route=\/wp\/v2\/pages\/23\/revisions"}],"predecessor-version":[{"id":951,"href":"https:\/\/suap.regione.marche.it\/chiaravalle\/index.php?rest_route=\/wp\/v2\/pages\/23\/revisions\/951"}],"wp:attachment":[{"href":"https:\/\/suap.regione.marche.it\/chiaravalle\/index.php?rest_route=%2Fwp%2Fv2%2Fmedia&parent=23"}],"curies":[{"name":"wp","href":"https:\/\/api.w.org\/{rel}","templated":true}]}}