{"id":23,"date":"2013-12-16T09:47:07","date_gmt":"2013-12-16T09:47:07","guid":{"rendered":"http:\/\/sportellounico.comune.ap.it\/suap\/?page_id=23"},"modified":"2026-04-30T09:09:41","modified_gmt":"2026-04-30T08:09:41","slug":"home-servizio-sportello-unico-attivita-produttive","status":"publish","type":"page","link":"https:\/\/suap.regione.marche.it\/ascolipiceno\/","title":{"rendered":"Home"},"content":{"rendered":"<p style=\"text-align: center;\"><span style=\"font-size: 18pt; color: #0fbf0f;\"><strong>LO SPORTELLO ON LINE E&#8217; APERTO TUTTI I GIORNI DALLE 00:01 DEL LUNEDI&#8217; ALLE 12:00 DEL VENERDI&#8217;,<br \/>\n<\/strong><\/span><span style=\"font-size: 18pt; color: #0fbf0f;\"><strong>PRE FESTIVI E FESTIVI ESCLUSI<\/strong><\/span><\/p>\n<p>&nbsp;<\/p>\n<p style=\"text-align: center;\"><span style=\"font-size: 14pt;\"><strong><span style=\"color: #ff0000;\">AVVISO\u00a0<\/span><\/strong><\/span><span style=\"font-size: 14pt;\"><strong><span style=\"color: #ff0000;\">L. 18\/03\/1968 N. 337 :<\/span><\/strong><\/span><\/p>\n<p style=\"text-align: center;\"><span style=\"font-size: 14pt;\"><strong><span style=\"color: #ff0000;\">ATTIVITA\u2019 DI SPETTACOLO VIAGGIANTE &#8211; ASSEGNAZIONE AREE DA PARTE DELLE AMMINISTRAZIONI COMUNALI<\/span><\/strong><\/span><\/p>\n<p>In riferimento alla normativa vigente, ai sensi dell\u2019art. 9 della L. 337\/1968, si comunica che il Comune di Ascoli Piceno, con l\u2019approvazione del \u201c<em>Regolamento per la concessione di aree da destinare agli spettacoli viaggianti e all\u2019installazione di attrazioni e spettacoli temporanei<\/em>\u201d approvato con Delibera di Consiglio Comunale n. 133 del 19\/11\/1998, consultabile e scaricabile al link: <a href=\"https:\/\/www.comune.ap.it\/comune\/regolamenti\">https:\/\/www.comune.ap.it\/comune\/regolamenti<\/a> ha stilato un elenco, con corrispondente rappresentazione grafica, di alcune aree ritenute idonee allo svolgimento delle attivit\u00e0 in parola. Allo stato attuale, alla luce delle modifiche infrastrutturali che nel tempo si sono succedute, le aree individuate, dal Servizio Patrimonio che possono essere considerate ancora disponibili sono le seguenti:<\/p>\n<p><strong><em>&#8211; Area in localit\u00e0 Monticelli, di fronte all\u2019ex Velodromo, lungo Via dei Platani;<\/em><\/strong><\/p>\n<p><strong><em>&#8211; Parcheggio davanti al Palazzetto dello Sport \u201cEnzo Galosi\u201d di Monterocco;<\/em><\/strong><\/p>\n<p><strong><em>&#8211; Pianoro di Colle San Marco;<\/em><\/strong><\/p>\n<p><strong><em>&#8211; Area antistante lo stadio comunale \u201cCino e Lillo del Duca\u201d<\/em><\/strong><em> (compatibilmente con gli eventi sportivi che si svolgono presso lo stesso).<\/em><\/p>\n<p>Si rappresenta altres\u00ec, che la Polizia Locale, a seguito di valutazioni sulla idoneit\u00e0 delle aree, ha riscontrato che \u201c<em>non risultano presenti sul territorio comunale spazi che, per caratteristiche dimensionali, localizzazione e conformazione, risultino compatibili sia con l\u2019installazione delle suddette attrazioni sia con il rispetto delle condizioni di sicurezza stradale e della pubblica incolumit\u00e0\u201d, per tanto a fronte <\/em>di tali indicazioni <strong>si condivide la mancanza di aree adeguate allo scopo <\/strong>(se non previa specifica verifica da parte della Polizia Locale su singola istanza) ma, al fine di contemperare l\u2019interesse pubblico con quello degli operatori economici, l\u2019art. 2, comma 3 del predetto Regolamento prevede che \u201c<em>possono essere individuate anche aree private, a condizione che l\u2019organizzatore dello spettacolo viaggiante raggiunga un accordo in tal senso con il proprietario, e purch\u00e8 gli oneri siano a totale carico dell\u2019organizzatore<\/em>\u201d dando atto che, diverse istanze pervenute dalle attivit\u00e0 circensi, fanno riferimento ad aree private.<\/p>\n<p>&nbsp;<\/p>\n<p><strong>Allegato:<br \/>\n<\/strong><a href=\"https:\/\/suap.regione.marche.it\/ascolipiceno\/wp-content\/uploads\/sites\/12\/2026\/04\/planimetrie-aree-comunali.pdf\"><strong>Planimetrie aree comunali\u00a0<\/strong><\/a><\/p>\n<p style=\"text-align: center;\">&#8212;&#8212;&#8212;&#8212;&#8212;&#8212;&#8212;&#8212;&#8212;&#8212;&#8212;&#8212;&#8212;&#8212;&#8212;&#8212;&#8212;&#8212;&#8212;&#8212;&#8212;&#8212;&#8212;&#8212;&#8211;<\/p>\n<p>&nbsp;<\/p>\n<p style=\"text-align: center;\"><span style=\"font-size: 14pt; color: #ff0000;\"><strong>AVVISO<\/strong><\/span><\/p>\n<p style=\"text-align: center;\"><span style=\"font-size: 14pt;\"><strong><span style=\"color: #ff0000;\">MANIFESTAZIONI LEGATE A TRADIZIONI LOCALI, QUALI LE FESTE E LE SAGRE PAESANE, COMPRESE QUELLE COLLEGATE A CELEBRAZIONI DEVOZIONALI O DI CULTO<\/span><\/strong><\/span><\/p>\n<p style=\"text-align: left;\"><span style=\"font-size: 18pt;\"><span style=\"font-size: 12pt;\">La Regione Marche, ai sensi dell\u2019art. 126 L.R. 22\/2021 individua diverse tipologie di manifestazioni fieristiche\u00a0<\/span><span style=\"font-size: 12pt;\">che si svolgono nel territorio regionale, le quali a seconda di come vengono qualificate possono essere di\u00a0<\/span><span style=\"font-size: 12pt;\">rilevanza internazionale, nazionale, regionale o locale.<\/span><br \/>\n<span style=\"font-size: 12pt;\">La qualifica di manifestazione fieristica di rilevanza locale \u00e8 attribuita aI Comune nel cui territorio si svolge\u00a0<\/span><span style=\"font-size: 12pt;\">la manifestazione, con le modalit\u00e0 stabilite dal Comune medesimo.<\/span><br \/>\n<span style=\"font-size: 12pt;\">Ai sensi e per gli effetti normativi nel Comune di Ascoli Piceno sono individuabili esclusivamente le seguenti\u00a0<\/span><span style=\"font-size: 12pt;\">manifestazioni fieristiche:<\/span><br \/>\n<span style=\"font-size: 12pt;\">&#8211; Fiera di San Biagio<\/span><br \/>\n<span style=\"font-size: 12pt;\">&#8211; Fiera Carnevale<\/span><br \/>\n<span style=\"font-size: 12pt;\">&#8211; Fiera Pasqua E Luned\u00ec dell\u2019Angelo<\/span><br \/>\n<span style=\"font-size: 12pt;\">&#8211; Fiera Anniversario Liberazione 25 aprile<\/span><br \/>\n<span style=\"font-size: 12pt;\">&#8211; Fiera Festa dei Lavoratori 1 maggio<\/span><br \/>\n<span style=\"font-size: 12pt;\">&#8211; Fiera di Sant\u2019Emidio<\/span><br \/>\n<span style=\"font-size: 12pt;\">&#8211; Fiera Ferragosto<\/span><br \/>\n<span style=\"font-size: 12pt;\">&#8211; Fiera di Natale<\/span><br \/>\n<strong><span style=\"font-size: 12pt;\">Per le \u201cFiere\u201d suddette rimangono invariate le modalit\u00e0 di partecipazione, i criteri di assegnazione dei\u00a0<\/span><span style=\"font-size: 12pt;\">posteggi, etc.., cos\u00ec come disposto dalla normativa regionale (modello 7\/AP \u2013 Partecipazione alla Fiera),\u00a0<\/span><span style=\"font-size: 12pt;\">mentre ai sensi dell\u2019art. 126 comma 4 lett. h) L.R. 22\/21.<\/span><\/strong><br \/>\n<strong><span style=\"font-size: 12pt;\">Sono escluse dall\u2019ambito di applicazione di questo titolo: \u201c le manifestazioni legate a tradizioni locali,\u00a0<\/span><span style=\"font-size: 12pt;\">quali le feste e le sagre paesane, comprese quelle collegate a celebrazioni devozionali o di culto\u201d.\u00a0<\/span><span style=\"font-size: 12pt;\">Pertanto, per la partecipazione alle manifestazioni legate a tradizioni locali, quali le feste e le sagre\u00a0<\/span><span style=\"font-size: 12pt;\">paesane, comprese quelle collegate a celebrazioni devozionali o di culto occorre inviare il <a href=\"https:\/\/suap.regione.marche.it\/ascolipiceno\/?page_id=47&amp;uuid=ed50ccef-acde-4a64-8c26-ea7b668922e0&amp;rnd=\">Mod. 6\/AP\u00a0<\/a><\/span><span style=\"font-size: 12pt;\">(temporanea) per la richiesta dell\u2019autorizzazione\/concessione in occasione del particolare evento,\u00a0<\/span><span style=\"font-size: 12pt;\">provvedendo ad allegare l\u2019attestazione di pagamento dei diritti di istruttoria e di n. 2 marche da bollo.<\/span><\/strong><br \/>\n<strong><span style=\"font-size: 12pt;\">L\u2019assegnazione del posteggio verr\u00e0 effettuata, previa verifica dei presupposti e dei requisiti in base all\u2019ordine\u00a0<\/span><span style=\"font-size: 12pt;\">cronologico di arrivo della domanda, comprovato dal numero di protocollo assegnato all\u2019istanza.<\/span><\/strong><\/span><\/p>\n<p>&nbsp;<\/p>\n<p style=\"text-align: center;\">&#8212;&#8212;&#8212;&#8212;&#8212;&#8212;&#8212;&#8212;&#8212;&#8212;&#8212;&#8212;&#8212;&#8212;&#8212;&#8212;&#8212;&#8212;&#8212;&#8212;&#8212;&#8212;&#8212;&#8212;&#8211;<\/p>\n<p>&nbsp;<\/p>\n<p style=\"text-align: center;\"><span style=\"font-size: 14pt; color: #ff0000;\"><strong>AVVISO L.R. 21\/2016:<\/strong><\/span><\/p>\n<p style=\"text-align: center;\"><span style=\"font-size: 14pt; color: #ff0000;\"><strong>Modulistica per la richiesta di Autorizzazione alla realizzazione ed all\u2019esercizio delle strutture sanitarie pubbliche e private.<\/strong><\/span><\/p>\n<p>In riferimento all\u2019endoprocedimento autorizzativo delle strutture sanitarie e sociosanitarie, ed all\u2019imminente scadenza del 30\/IX\/2024 per la presentazione delle richieste di autorizzazione all\u2019esercizio dell\u2019attivit\u00e0, si chiede che ciascuna istanza venga presentata utilizzando la<br \/>\nmodulistica aggiornata scaricabile dal seguente link del sito web Regionale: <a href=\"https:\/\/contenuti.regione.marche.it\/Regione-Utile\/Salute\/Autorizzazione-delle-strutture-sanitarie#MODULISTICA\"><strong>MODULISTICA<\/strong><\/a><\/p>\n<p>&nbsp;<\/p>\n<p style=\"text-align: center;\"><strong><span style=\"color: #ff0000;\">PROROGA<\/span><\/strong><\/p>\n<p><a href=\"https:\/\/suap.regione.marche.it\/wp-content\/uploads\/sites\/12\/2025\/01\/comunicazione-proroga-31dic2025._finale.pdf\">DGR 1450\/2023 &#8211; Proroga del termine per la presentazione della richiesta di Autorizzazione all\u2019esercizio delle strutture sanitarie, sociosanitarie e sociali, pubbliche e private.<\/a><\/p>\n<p>&nbsp;<\/p>\n<p style=\"text-align: center;\">&#8212;&#8212;&#8212;&#8212;&#8212;&#8212;&#8212;&#8212;&#8212;&#8212;&#8212;&#8212;&#8212;&#8212;&#8212;&#8212;&#8212;&#8212;&#8212;&#8212;&#8212;&#8212;&#8212;&#8212;&#8211;<\/p>\n<p>&nbsp;<\/p>\n<p style=\"text-align: center;\"><strong><span style=\"font-size: 14pt; color: #ff0000;\">AVVISO L.R. 21\/2016, art. 13, c. 2:<\/span><\/strong><\/p>\n<p style=\"text-align: center;\"><strong><span style=\"font-size: 14pt; color: #ff0000;\">Autodichiarazione della permanenza dei requisiti autorizzativi per l\u2019esercizio delle strutture sanitarie e sociosanitarie e sociali.<\/span><\/strong><\/p>\n<p><a href=\"https:\/\/suap.regione.marche.it\/wp-content\/uploads\/sites\/12\/2025\/01\/adempimento-autodichiarazione_Marcato-1.pdf\">Si ricorda che, ai sensi della L.R. 21\/2016, art. 13, c. 2, i soggetti autorizzati all\u2019esercizio dell\u2019attivit\u00e0 sanitaria, sociosanitaria e sociale inviano con cadenza annuale al Comune\/SUAP una dichiarazione sostitutiva di atto di notoriet\u00e0 concernente la permanenza del possesso dei requisiti minimi di autorizzazione entro il 31\/01 di ogni anno.<\/a><\/p>\n<p style=\"text-align: center;\">&#8212;&#8212;&#8212;&#8212;&#8212;&#8212;&#8212;&#8212;&#8212;&#8212;&#8212;&#8212;&#8212;&#8212;&#8212;&#8212;&#8212;&#8212;&#8212;&#8212;&#8212;&#8212;&#8212;&#8212;&#8211;<\/p>\n<p>&nbsp;<\/p>\n<p style=\"text-align: center;\"><strong>CENSIMENTO ATTIVITA&#8217; PRODUTTIVE<\/strong><\/p>\n<p>Il Comune di Ascoli Piceno lancia il primo censimento delle attivit\u00e0 commerciali della citt\u00e0. Una mappatura che servir\u00e0 per sviluppare un commercio omogeneo e favorire la nascita del centro commerciale naturale. A presentare il progetto sono stati il Sindaco Marco Fioravanti e l&#8217;Assessore Nico Stallone &#8221;Abbiamo voluto questo progetto a tutti i costi &#8211; ha commentato &#8211; Per fare delle azioni, dei progetti e dei programmi servono dati e conoscenza delle situazioni. Ecco quindi il censimento di tutte le attivit\u00e0 produttive. Quando una realt\u00e0 si iscrive al Suap il nome della societ\u00e0 spesso non \u00e8 uguale al nome dell\u2019insegna. Provvederemo a sviluppare un database con tutti i dati di ogni singola attivit\u00e0. Questo ci permetter\u00e0 come assessorato e amministrazione di fare una programmazione reale del centro commerciale naturale e uno sviluppo economico della citt\u00e0 omogeneo Ci auguriamo che tutte le attivit\u00e0 siano partecipative\u201d. &#8221;Vogliamo portare un valore aggiunto a questa citt\u00e0 creando un database per poi aggiornarlo attraverso l&#8217;attivit\u00e0 del comune &#8211; ha spiegato il dirigente Maurizio Piccioni &#8211; Il valore aggiunto sta nella geolocalizzazione delle attivit\u00e0 sul territorio. Solo attraverso un censimento (raccolta e bonifica dati) sar\u00e0 possibile avere una mappatura della situazione per veicolare gli investimenti commerciali e industriali. &#8221;.<\/p>\n<p>La raccolta dei dati per ogni singola attivit\u00e0 inizier\u00e0 dal centro storico e sar\u00e0 effettuata da alcuni operatori del comune. Per agevolarla e semplificarla, \u00e8 possibile autonomamente inviare i propri dati direttamente on line (dal pc, tablet, smartphone) cliccando il seguente link:\u00a0<a href=\"https:\/\/suap.regione.marche.it\/ascolipiceno\/?page_id=2074\">https:\/\/suap.regione.marche.it\/ascolipiceno\/?page_id=2074<\/a><\/p>\n<p>Per informazioni contattare il SUAP allo 0736 298262\/268\/303 o all\u2019indirizzo: <a href=\"mailto:commercio@comune.ap.it\">commercio@comune.ap.it<\/a><\/p>\n<h3 style=\"text-align: center;\"><strong>&#8212;&#8212;&#8212;&#8212;&#8212;&#8212;&#8212;&#8212;&#8212;&#8212;&#8212;&#8212;&#8212;&#8212;&#8212;&#8212;&#8212;&#8212;&#8212;&#8212;&#8212;&#8212;&#8212;&#8212;&#8211;<\/strong><\/h3>\n<h3 style=\"text-align: center;\">\u00a0SUAP &#8211; Descrizione del servizio:<\/h3>\n<p><span style=\"text-align: justify;\">Con l&#8217;entrata in vigore del DPR n. 160 del 7 settembre 2010 viene adottato il Regolamento per la semplificazione ed il riordino della disciplina sullo Sportello Unico per le Attivit\u00e0 Produttive.<\/span><\/p>\n<div style=\"text-align: justify;\">\n<div style=\"text-align: justify;\">Lo Sportello Unico per le Attivit\u00e0 Produttive (SUAP) rappresenta l&#8217;unico soggetto pubblico di riferimento territoriale per tutti i procedimenti che abbiano ad oggetto l&#8217;esercizio di attivit\u00e0 produttive, di prestazione di servizi e le azioni (relative a impianti produttivi di beni e servizi) di localizzazione, realizzazione, trasformazione, ristrutturazione o riconversione, ampliamento o trasferimento, nonch\u00e9 cessazione o riattivazione delle suddette attivit\u00e0. Il SUAP nasce come strumento di semplificazione amministrativa per snellire i rapporti tra Pubblica Amministrazione ed utenza ed assicura al richiedente una risposta telematica unica e tempestiva in luogo degli altri uffici comunali e di tutte le amministrazioni pubbliche comunque coinvolte nello stesso procedimento amministrativo.<br \/>\nOgni pratica deve dunque essere presentata e gestita esclusivamente in modalit\u00e0 telematica garantendo l&#8217;interoperabilit\u00e0 tra i vari soggetti pubblici interessati.<br \/>\nSono esclusi dall&#8217;ambito di applicazione del regolamento gli impianti e le infrastrutture energetiche, le attivit\u00e0 connesse all&#8217;impiego di sorgenti ionizzanti e di materie radioattive, gli impianti nucleari e di smaltimento di rifiuti radioattivi, le attivit\u00e0 di prospezione, ricerca e coltivazione di idrocarburi, nonch\u00e9 le infrastrutture strategiche e gli insediamenti produttivi di cui agli articoli 161 e seguenti del decreto legislativo 12\/4\/2006,n.163.<br \/>\nLa disciplina del SUAP prevede un procedimento automatizzato (nel caso in cui le attivit\u00e0 siano soggette alla disciplina della SCIA) ed un procedimento ordinario in presenza di istanze sulle quali l&#8217;amministrazione ha potere discrezionale (artt.7 e 8 del decreto del Presidente della Repubblica 7 settembre 2010, n.160).<br \/>\nL&#8217;Amministrazione Comunale, con Delibera di Giunta numero 74 del 19 maggio 2017, in attuazione delle normative vigenti, ha stabilito che, a partire dal 01\/07\/2017, per la presentazione delle istanze e per la gestione di tutti i procedimentie dei connessi endo-procedimenti afferenti le Attivit\u00e0 Economiche -Produttive, debba essere utilizzata obbligatoriamente la piattaforma portale SU-AP, <a href=\"https:\/\/suap.regione.marche.it\/ascolipiceno\/\">https:\/\/suap.regione.marche.it\/ascolipiceno<\/a>, configurando cos\u00ec una gestione dello Sportello Unico delle Attivit\u00e0 Produttive esclusivamente digitale.<\/div>\n<div style=\"text-align: justify;\"><a href=\"https:\/\/suap.regione.marche.it\/wp-content\/uploads\/DG_74_2017.pdf\">DELIBERA NUMERO 74<\/a><\/div>\n<div><\/div>\n<div style=\"text-align: justify;\"><a href=\"https:\/\/suap.regione.marche.it\/wp-content\/uploads\/file\/LINEE_GUIDA_DG74_2017.pdf\">LINEE GUIDA PER LA GESTIONE DELLO SPORTELLO UNICO PER LE ATTIVITA&#8217; PRODUTTIVE SU-AP<\/a><\/div>\n<\/div>\n<div><\/div>\n<div><\/div>\n<div><\/div>\n<div><\/div>\n<div style=\"text-align: justify;\"><\/div>\n<p>&nbsp;<\/p>\n","protected":false},"excerpt":{"rendered":"<p>LO SPORTELLO ON LINE E&#8217; APERTO TUTTI I GIORNI DALLE 00:01 DEL LUNEDI&#8217; ALLE 12:00 DEL VENERDI&#8217;, PRE FESTIVI E FESTIVI ESCLUSI &nbsp; AVVISO\u00a0L. 18\/03\/1968 N. 337 : ATTIVITA\u2019 DI SPETTACOLO VIAGGIANTE &#8211; ASSEGNAZIONE AREE DA PARTE DELLE AMMINISTRAZIONI COMUNALI In riferimento alla normativa vigente, ai sensi dell\u2019art. 9 della L. 337\/1968, si comunica che [&hellip;]<\/p>\n","protected":false},"author":1,"featured_media":0,"parent":0,"menu_order":0,"comment_status":"closed","ping_status":"closed","template":"","meta":{"footnotes":""},"class_list":["post-23","page","type-page","status-publish","hentry"],"_links":{"self":[{"href":"https:\/\/suap.regione.marche.it\/ascolipiceno\/index.php?rest_route=\/wp\/v2\/pages\/23","targetHints":{"allow":["GET"]}}],"collection":[{"href":"https:\/\/suap.regione.marche.it\/ascolipiceno\/index.php?rest_route=\/wp\/v2\/pages"}],"about":[{"href":"https:\/\/suap.regione.marche.it\/ascolipiceno\/index.php?rest_route=\/wp\/v2\/types\/page"}],"author":[{"embeddable":true,"href":"https:\/\/suap.regione.marche.it\/ascolipiceno\/index.php?rest_route=\/wp\/v2\/users\/1"}],"replies":[{"embeddable":true,"href":"https:\/\/suap.regione.marche.it\/ascolipiceno\/index.php?rest_route=%2Fwp%2Fv2%2Fcomments&post=23"}],"version-history":[{"count":432,"href":"https:\/\/suap.regione.marche.it\/ascolipiceno\/index.php?rest_route=\/wp\/v2\/pages\/23\/revisions"}],"predecessor-version":[{"id":2598,"href":"https:\/\/suap.regione.marche.it\/ascolipiceno\/index.php?rest_route=\/wp\/v2\/pages\/23\/revisions\/2598"}],"wp:attachment":[{"href":"https:\/\/suap.regione.marche.it\/ascolipiceno\/index.php?rest_route=%2Fwp%2Fv2%2Fmedia&parent=23"}],"curies":[{"name":"wp","href":"https:\/\/api.w.org\/{rel}","templated":true}]}}